{"id":151,"date":"2018-10-12T00:39:34","date_gmt":"2018-10-12T00:39:34","guid":{"rendered":"http:\/\/www.cress-ac.org.br\/site\/?page_id=151"},"modified":"2019-03-11T15:04:22","modified_gmt":"2019-03-11T15:04:22","slug":"historia","status":"publish","type":"page","link":"https:\/\/www.cress-ac.org.br\/site\/institucional\/historia\/","title":{"rendered":"Hist\u00f3ria"},"content":{"rendered":"<p style=\"text-align:left\">O Conselho Regional de Servi\u00e7o Social da 26\u00aa Regi\u00e3o, regulamentado pela&nbsp;<a href=\"http:\/\/www.planalto.gov.br\/ccivil_03\/leis\/l8662.htm\" target=\"_blank\" rel=\"noreferrer noopener\">Lei 8.662 de 07 de junho de 1993<\/a>, constitui-se uma entidade de personalidade jur\u00eddica de direito p\u00fablico, com jurisdi\u00e7\u00e3o no Estado do Acre.<\/p><p>O Conselho Regional de Servi\u00e7o Social da 26\u00aa Regi\u00e3o \u00e9 dotado de autonomia administrativa e financeira, sem preju\u00edzo de sua vincula\u00e7\u00e3o ao Conselho Federal de Servi\u00e7o Social e tem como objetivo b\u00e1sico, disciplinar, orientar, fiscalizar e defender o exerc\u00edcio da profiss\u00e3o&nbsp; de Assistente Social em seu \u00e2mbito de jurisdi\u00e7\u00e3o de acordo com os princ\u00edpios e normas gerais estabelecidos pelo Encontro Nacional CFESS\/CRESS, e nos termos que disp\u00f5e as Leis 8.662\/93.<\/p>","protected":false},"excerpt":{"rendered":"<p>O Conselho Regional de Servi\u00e7o Social da 26\u00aa Regi\u00e3o, regulamentado pela&nbsp;Lei 8.662 de 07 de junho de 1993, constitui-se uma entidade de personalidade jur\u00eddica de direito p\u00fablico, com jurisdi\u00e7\u00e3o no &#8230;<\/p>\n","protected":false},"author":1,"featured_media":0,"parent":148,"menu_order":0,"comment_status":"closed","ping_status":"closed","template":"","meta":{"_EventAllDay":false,"_EventTimezone":"","_EventStartDate":"","_EventEndDate":"","_EventStartDateUTC":"","_EventEndDateUTC":"","_EventShowMap":false,"_EventShowMapLink":false,"_EventURL":"","_EventCost":"","_EventCostDescription":"","_EventCurrencySymbol":"","_EventCurrencyPosition":"","_EventDateTimeSeparator":"","_EventTimeRangeSeparator":"","_EventOrganizerID":[],"_EventVenueID":0,"_OrganizerEmail":"","_OrganizerPhone":"","_OrganizerWebsite":"","_VenueAddress":"","_VenueCity":"","_VenueCountry":"","_VenueProvince":"","_VenueZip":"","_VenuePhone":"","_VenueURL":"","_VenueStateProvince":"","_VenueLat":"","_VenueLng":"","footnotes":""},"class_list":["post-151","page","type-page","status-publish","hentry"],"_links":{"self":[{"href":"https:\/\/www.cress-ac.org.br\/site\/wp-json\/wp\/v2\/pages\/151","targetHints":{"allow":["GET"]}}],"collection":[{"href":"https:\/\/www.cress-ac.org.br\/site\/wp-json\/wp\/v2\/pages"}],"about":[{"href":"https:\/\/www.cress-ac.org.br\/site\/wp-json\/wp\/v2\/types\/page"}],"author":[{"embeddable":true,"href":"https:\/\/www.cress-ac.org.br\/site\/wp-json\/wp\/v2\/users\/1"}],"replies":[{"embeddable":true,"href":"https:\/\/www.cress-ac.org.br\/site\/wp-json\/wp\/v2\/comments?post=151"}],"version-history":[{"count":4,"href":"https:\/\/www.cress-ac.org.br\/site\/wp-json\/wp\/v2\/pages\/151\/revisions"}],"predecessor-version":[{"id":1896,"href":"https:\/\/www.cress-ac.org.br\/site\/wp-json\/wp\/v2\/pages\/151\/revisions\/1896"}],"up":[{"embeddable":true,"href":"https:\/\/www.cress-ac.org.br\/site\/wp-json\/wp\/v2\/pages\/148"}],"wp:attachment":[{"href":"https:\/\/www.cress-ac.org.br\/site\/wp-json\/wp\/v2\/media?parent=151"}],"curies":[{"name":"wp","href":"https:\/\/api.w.org\/{rel}","templated":true}]}}