{"id":156,"date":"2018-10-12T00:43:13","date_gmt":"2018-10-12T00:43:13","guid":{"rendered":"http:\/\/www.cress-ac.org.br\/site\/?page_id=156"},"modified":"2023-07-25T18:26:16","modified_gmt":"2023-07-25T18:26:16","slug":"comissoes","status":"publish","type":"page","link":"https:\/\/www.cress-ac.org.br\/site\/institucional\/comissoes\/","title":{"rendered":"Comiss\u00f5es"},"content":{"rendered":"<p>Comiss\u00f5es \u2013 Cress-AC 26\u00aa Regi\u00e3o<\/p><hr class=\"wp-block-separator is-style-wide\"\/><h6 class=\"has-text-align-center wp-block-heading\"><strong>Comiss\u00f5es Permanentes<\/strong>:\n\n<\/h6><p> Regulamentadas por resolu\u00e7\u00e3o do Conselho Federal de Servi\u00e7o Social (CFESS) e possuem compet\u00eancia de se manifestarem quanto \u00e0s infra\u00e7\u00f5es da Lei n\u00ba 8.662\/93 e do C\u00f3digo de \u00c9tica Profissional. S\u00e3o elas: <\/p><p><strong>Comiss\u00e3o de Orienta\u00e7\u00e3o e Fiscaliza\u00e7\u00e3o (COFI):<\/strong><\/p><p>Coordenador: <\/p><p>Membro:  <\/p><p>Membro: <\/p><p>A Comiss\u00e3o de Orienta\u00e7\u00e3o e Fiscaliza\u00e7\u00e3o \u2013 COFI tem car\u00e1ter permanente e sua finalidade \u00e9 a execu\u00e7\u00e3o da fun\u00e7\u00e3o prec\u00edpua do CRESS, estabelecida na Lei de Regulamenta\u00e7\u00e3o da Profiss\u00e3o, Lei n\u00ba 8662\/93, Art 10, inciso II.<\/p><p><\/p><p><strong>Comiss\u00e3o de Inscri\u00e7\u00e3o e Registro:<\/strong><\/p><p>Coordenadora: <\/p><p>Membro: <\/p><p>Membro: <\/p><p>A Comiss\u00e3o de Inscri\u00e7\u00e3o realiza a an\u00e1lise dos processos de pedido de Inscri\u00e7\u00e3o de pessoa F\u00edsica e Jur\u00eddica, transfer\u00eancia, reinscri\u00e7\u00e3o, cancelamento, suspens\u00e3o de registro, e interrup\u00e7\u00e3o do exerc\u00edcio profissional, conforme a Resolu\u00e7\u00e3o CFESS 582\/2010.<\/p><p><\/p><p><strong>Comiss\u00e3o Administrativo-Financeira (ADM-FIN):<\/strong><\/p><p>Coordenadora: <\/p><p>Membro:<\/p><p>Membro: <\/p><p>Membro: <\/p><p>Essa comiss\u00e3o \u00e9 respons\u00e1vel pela gest\u00e3o administrativa e financeira do CRESS-AC. &nbsp;\u00c9 respons\u00e1vel por acompanhar a arrecada\u00e7\u00e3o, auxiliar na execu\u00e7\u00e3o do planejamento or\u00e7ament\u00e1rio, visando equil\u00edbrio entre receita e despesa, tendo como par\u00e2metro uma administra\u00e7\u00e3o respons\u00e1vel, transparente, \u00e9tica, com compromisso pol\u00edtico e social na utiliza\u00e7\u00e3o dos recursos advindos das anuidades dos profissionais. A Comiss\u00e3o tamb\u00e9m \u00e9 parte fundamental para as a\u00e7\u00f5es de enfrentamento \u00e0 inadimpl\u00eancia, buscando adotar estrat\u00e9gias para estimular a arrecada\u00e7\u00e3o e o consequente equil\u00edbrio fiscal do CRESS 26\u00aa Regi\u00e3o\/AC. Por fim, atuando em articula\u00e7\u00e3o com o Conselho Fiscal e realizando discuss\u00f5es sobre gest\u00e3o dos recursos com todos os conselheiros, a comiss\u00e3o busca ainda viabilizar as a\u00e7\u00f5es para a categoria profissional.<\/p><p><\/p><p>Coordenadora: <\/p><p>Membro:  <\/p><p>Membro: <\/p><p>A\nComiss\u00e3o Permanente de \u00c9tica \u00e9 uma comiss\u00e3o regimental que trabalha analisando\nden\u00fancias em rela\u00e7\u00e3o a poss\u00edveis infra\u00e7\u00f5es dos(as) Assistentes Sociais aos\nprinc\u00edpios do C\u00f3digo de \u00c9tica ou de atos de outros profissionais que firam a\nhonra profissional do assistente social, conforme Resolu\u00e7\u00e3o do Conjunto CFESS\/\nCRESS n\u00ba 533\/2008; 273\/93.<\/p><h6 class=\"has-text-align-center wp-block-heading\"><strong> Comiss\u00f5es Tem\u00e1ticas:<\/strong><\/h6><p>S\u00e3o criadas para realiza\u00e7\u00e3o de estudos, discuss\u00f5es e an\u00e1lises de temas relacionados ao Servi\u00e7o Social, buscando dar subsidio aos profissionais de Servi\u00e7o Social de forma a alinhar sua interven\u00e7\u00e3o profissional ao Projeto \u00c9tico Pol\u00edtico da Profiss\u00e3o. Atualmente o CRESS possui as seguintes comiss\u00f5es tem\u00e1ticas:<\/p><p><strong>Comiss\u00e3o de Forma\u00e7\u00e3o Profissional:<\/strong><\/p><p>Coordenadora: <\/p><p>Membro: <\/p><p>Membro:<\/p><p>Membro: <\/p><p>Membro: <\/p><p>A Comiss\u00e3o de Forma\u00e7\u00e3o tem por objetivo promover o debate sobre a rela\u00e7\u00e3o entre forma\u00e7\u00e3o e trabalho profissional, tendo em vista o princ\u00edpio do \u201ccompromisso com a qualidade dos servi\u00e7os prestados \u00e0 popula\u00e7\u00e3o e com o aprimoramento intelectual, na perspectiva da compet\u00eancia profissional\u201d (C\u00f3digo de \u00c9tica Profissional\/93).<\/p><p><strong>Comiss\u00e3o de \u00c9tica e Direitos Humanos:<\/strong><\/p><p>Coordenadora: <\/p><p>Membro: <\/p><p>Membro: <\/p><p>Membro:<\/p><p>Membro: <\/p><p>A Comiss\u00e3o Ampliada de \u00c9tica e Direitos Humanos objetiva desenvolver a\u00e7\u00f5es e estudos sobre o significado das dimens\u00f5es e a indissociabilidade entre \u201cDireitos Humanos, \u00e9tica e pol\u00edtica\u201d na atualidade e, assim, planeja suas a\u00e7\u00f5es e se consolida na postura cr\u00edtica, investigativa e interventiva sobre esta, dialogando com as compet\u00eancias e atribui\u00e7\u00f5es profissionais do assistente social.<\/p><p><strong>Comiss\u00e3o de Comunica\u00e7\u00e3o:<\/strong><\/p><p>Coordenador:  <\/p><p>Membro: <\/p><p>Membro: <\/p><p>Membro:<\/p><p>A comiss\u00e3o tem a tarefa de coordenar estrat\u00e9gias comunicativas que viabilizem e ampliem o acesso \u00e0 informa\u00e7\u00e3o qualificada sobre as pautas e as lutas da categoria, buscando fortalecer e potencializar a produ\u00e7\u00e3o e a socializa\u00e7\u00e3o de informa\u00e7\u00e3o entre o conjunto CFESS\/CRESS, as\/os assistentes sociais e a sociedade. Cumpre a fun\u00e7\u00e3o de contribuir para realiza\u00e7\u00e3o de campanhas e veicula\u00e7\u00e3o de not\u00edcias em diversos meios, como informativos impressos, site, redes sociais, cartilhas, entre outros. \u00c9 respons\u00e1vel tamb\u00e9m pela execu\u00e7\u00e3o da Pol\u00edtica Nacional de Comunica\u00e7\u00e3o do Conjunto CFESS\/CRESS. O trabalho da comiss\u00e3o \u00e9 pautado nas decis\u00f5es do Conselho Pleno e deve ser articulado com as demandas da entidade e de outras comiss\u00f5es, no \u00e2mbito da comunica\u00e7\u00e3o.<\/p><p><strong>Comiss\u00e3o de Seguridade Social:<\/strong><\/p><p>Coordenadora: <\/p><p>Membro: <\/p><p>Membro: <\/p><p>Membro: <\/p><p>Membro:<\/p><p>Membro: <\/p><p>A comiss\u00e3o de seguridade social tem o objetivo de acompanhar e discutir as tem\u00e1ticas de todas as pol\u00edticas sociais, a exemplo da Previd\u00eancia Social, Assist\u00eancia Social e Sa\u00fade.&nbsp; Defende a interven\u00e7\u00e3o qualificada e cr\u00edtica dos\/as assistentes como trabalhadores que atuam em todas as pol\u00edticas sociais e em diversos campos s\u00f3cio ocupacionais, formulando respostas \u00e0s m\u00faltiplas express\u00f5es da quest\u00e3o social que constituem objeto de trabalho profissional. <\/p><p><strong>Comiss\u00e3o de Enfrentamento \u00e0 Inadimpl\u00eancia:<\/strong><\/p><p>Coordenadora: <\/p><p>Membro: <\/p><p>Membro: <\/p><p>Membro: <\/p><p>Membro: <\/p><p>Membro: <\/p><p>Membro: <\/p><p>Membro: <\/p><p>Membro: <\/p><p>Membro: <\/p><p>A Comiss\u00e3o de Enfrentamento \u00e0 Inadimpl\u00eancia, tem o objetivo de implementar e monitorar as a\u00e7\u00f5es previstas na Pol\u00edtica Nacional de Enfrentamento \u00e0 Inadimpl\u00eancia e deve ser constituida por conselheiros\/as, assistentes sociais nomeados\/as e trabalhadores\/as do CRESS, articulada com os demais conselheiros\/as, todas as comiss\u00f5es existentes no CRESS e assessorias cont\u00e1bil e jur\u00eddica.<\/p>","protected":false},"excerpt":{"rendered":"<p>Comiss\u00f5es \u2013 Cress-AC 26\u00aa Regi\u00e3o Comiss\u00f5es Permanentes: Regulamentadas por resolu\u00e7\u00e3o do Conselho Federal de Servi\u00e7o Social (CFESS) e possuem compet\u00eancia de se manifestarem quanto \u00e0s infra\u00e7\u00f5es da Lei n\u00ba 8.662\/93 &#8230;<\/p>\n","protected":false},"author":1,"featured_media":0,"parent":148,"menu_order":0,"comment_status":"closed","ping_status":"closed","template":"","meta":{"_EventAllDay":false,"_EventTimezone":"","_EventStartDate":"","_EventEndDate":"","_EventStartDateUTC":"","_EventEndDateUTC":"","_EventShowMap":false,"_EventShowMapLink":false,"_EventURL":"","_EventCost":"","_EventCostDescription":"","_EventCurrencySymbol":"","_EventCurrencyPosition":"","_EventDateTimeSeparator":"","_EventTimeRangeSeparator":"","_EventOrganizerID":[],"_EventVenueID":0,"_OrganizerEmail":"","_OrganizerPhone":"","_OrganizerWebsite":"","_VenueAddress":"","_VenueCity":"","_VenueCountry":"","_VenueProvince":"","_VenueZip":"","_VenuePhone":"","_VenueURL":"","_VenueStateProvince":"","_VenueLat":"","_VenueLng":"","footnotes":""},"class_list":["post-156","page","type-page","status-publish","hentry"],"_links":{"self":[{"href":"https:\/\/www.cress-ac.org.br\/site\/wp-json\/wp\/v2\/pages\/156","targetHints":{"allow":["GET"]}}],"collection":[{"href":"https:\/\/www.cress-ac.org.br\/site\/wp-json\/wp\/v2\/pages"}],"about":[{"href":"https:\/\/www.cress-ac.org.br\/site\/wp-json\/wp\/v2\/types\/page"}],"author":[{"embeddable":true,"href":"https:\/\/www.cress-ac.org.br\/site\/wp-json\/wp\/v2\/users\/1"}],"replies":[{"embeddable":true,"href":"https:\/\/www.cress-ac.org.br\/site\/wp-json\/wp\/v2\/comments?post=156"}],"version-history":[{"count":12,"href":"https:\/\/www.cress-ac.org.br\/site\/wp-json\/wp\/v2\/pages\/156\/revisions"}],"predecessor-version":[{"id":3842,"href":"https:\/\/www.cress-ac.org.br\/site\/wp-json\/wp\/v2\/pages\/156\/revisions\/3842"}],"up":[{"embeddable":true,"href":"https:\/\/www.cress-ac.org.br\/site\/wp-json\/wp\/v2\/pages\/148"}],"wp:attachment":[{"href":"https:\/\/www.cress-ac.org.br\/site\/wp-json\/wp\/v2\/media?parent=156"}],"curies":[{"name":"wp","href":"https:\/\/api.w.org\/{rel}","templated":true}]}}