{"id":160,"date":"2018-10-12T00:45:02","date_gmt":"2018-10-12T00:45:02","guid":{"rendered":"http:\/\/www.cress-ac.org.br\/site\/?page_id=160"},"modified":"2019-04-02T18:03:12","modified_gmt":"2019-04-02T18:03:12","slug":"registro-profissional","status":"publish","type":"page","link":"https:\/\/www.cress-ac.org.br\/site\/registro-profissional\/","title":{"rendered":"REGISTRO PROFISSIONAL"},"content":{"rendered":"<ul class=\"su-subpages\"><li class=\"page_item page-item-167\"><a href=\"https:\/\/www.cress-ac.org.br\/site\/registro-profissional\/cancelamento\/\">Cancelamento<\/a><\/li>\n<li class=\"page_item page-item-163\"><a href=\"https:\/\/www.cress-ac.org.br\/site\/registro-profissional\/consulta-publica\/\">Consulta P\u00fablica<\/a><\/li>\n<li class=\"page_item page-item-176\"><a href=\"https:\/\/www.cress-ac.org.br\/site\/registro-profissional\/inscricao-de-pessoa-juridica\/\">Inscri\u00e7\u00e3o de Pessoa Jur\u00eddica<\/a><\/li>\n<li class=\"page_item page-item-165\"><a href=\"https:\/\/www.cress-ac.org.br\/site\/registro-profissional\/inscricao-principal\/\">Inscri\u00e7\u00e3o Principal<\/a><\/li>\n<li class=\"page_item page-item-174\"><a href=\"https:\/\/www.cress-ac.org.br\/site\/registro-profissional\/inscricao-secundaria\/\">Inscri\u00e7\u00e3o Secund\u00e1ria<\/a><\/li>\n<li class=\"page_item page-item-172\"><a href=\"https:\/\/www.cress-ac.org.br\/site\/registro-profissional\/reinscricao\/\">Reinscri\u00e7\u00e3o<\/a><\/li>\n<li class=\"page_item page-item-178\"><a href=\"https:\/\/www.cress-ac.org.br\/site\/registro-profissional\/substituicao-da-certidao-de-colacao-de-grau-pelo-diploma\/\">Substitui\u00e7\u00e3o da Certid\u00e3o de cola\u00e7\u00e3o de grau pelo diploma<\/a><\/li>\n<li class=\"page_item page-item-169\"><a href=\"https:\/\/www.cress-ac.org.br\/site\/registro-profissional\/transferencia\/\">Transfer\u00eancia<\/a><\/li>\n<\/ul><p><\/p>","protected":false},"excerpt":{"rendered":"","protected":false},"author":1,"featured_media":0,"parent":0,"menu_order":0,"comment_status":"closed","ping_status":"closed","template":"","meta":{"_EventAllDay":false,"_EventTimezone":"","_EventStartDate":"","_EventEndDate":"","_EventStartDateUTC":"","_EventEndDateUTC":"","_EventShowMap":false,"_EventShowMapLink":false,"_EventURL":"","_EventCost":"","_EventCostDescription":"","_EventCurrencySymbol":"","_EventCurrencyPosition":"","_EventDateTimeSeparator":"","_EventTimeRangeSeparator":"","_EventOrganizerID":[],"_EventVenueID":0,"_OrganizerEmail":"","_OrganizerPhone":"","_OrganizerWebsite":"","_VenueAddress":"","_VenueCity":"","_VenueCountry":"","_VenueProvince":"","_VenueZip":"","_VenuePhone":"","_VenueURL":"","_VenueStateProvince":"","_VenueLat":"","_VenueLng":"","footnotes":""},"class_list":["post-160","page","type-page","status-publish","hentry"],"_links":{"self":[{"href":"https:\/\/www.cress-ac.org.br\/site\/wp-json\/wp\/v2\/pages\/160","targetHints":{"allow":["GET"]}}],"collection":[{"href":"https:\/\/www.cress-ac.org.br\/site\/wp-json\/wp\/v2\/pages"}],"about":[{"href":"https:\/\/www.cress-ac.org.br\/site\/wp-json\/wp\/v2\/types\/page"}],"author":[{"embeddable":true,"href":"https:\/\/www.cress-ac.org.br\/site\/wp-json\/wp\/v2\/users\/1"}],"replies":[{"embeddable":true,"href":"https:\/\/www.cress-ac.org.br\/site\/wp-json\/wp\/v2\/comments?post=160"}],"version-history":[{"count":2,"href":"https:\/\/www.cress-ac.org.br\/site\/wp-json\/wp\/v2\/pages\/160\/revisions"}],"predecessor-version":[{"id":1966,"href":"https:\/\/www.cress-ac.org.br\/site\/wp-json\/wp\/v2\/pages\/160\/revisions\/1966"}],"wp:attachment":[{"href":"https:\/\/www.cress-ac.org.br\/site\/wp-json\/wp\/v2\/media?parent=160"}],"curies":[{"name":"wp","href":"https:\/\/api.w.org\/{rel}","templated":true}]}}