{"id":165,"date":"2018-10-12T00:46:20","date_gmt":"2018-10-12T00:46:20","guid":{"rendered":"http:\/\/www.cress-ac.org.br\/site\/?page_id=165"},"modified":"2025-08-07T16:10:05","modified_gmt":"2025-08-07T16:10:05","slug":"inscricao-principal","status":"publish","type":"page","link":"https:\/\/www.cress-ac.org.br\/site\/registro-profissional\/inscricao-principal\/","title":{"rendered":"Inscri\u00e7\u00e3o Principal"},"content":{"rendered":"<!--more--><h1 class=\"wp-block-heading has-text-align-center\">ORIENTA\u00c7\u00d5ES PARA SOLICITA\u00c7\u00c3O DA INSCRI\u00c7\u00c3O CONFORME RESOLUC\u0327A\u0303O CFESS N\u00ba 1014, DE 13 DE DEZEMBRO DE 2022.<\/h1><p>Para iniciar o processo de inscri\u00e7\u00e3o, leia atentamente a <a href=\"https:\/\/www.cfess.org.br\/arquivos\/Resolucaocfess1014-2022.pdf\">Resolu\u00e7\u00e3o CFESS 1.014 de 2022,<\/a> e re\u00fana toda a documenta\u00e7\u00e3o necess\u00e1ria. <\/p><p><\/p><p>Para as\/os Assistentes Sociais habilitados\/as, de acordo com o artigo 2\u00ba da Lei8.662\/1993, exercerem a profiss\u00e3o, \u00e9 obrigat\u00f3ria a Inscri\u00e7\u00e3o no Conselho Regional de Servi\u00e7o Social \u2013 CRESS de sua jurisdi\u00e7\u00e3o de atua\u00e7\u00e3o profissional, independentemente do seu enquadramento funcional na institui\u00e7\u00e3o.<br>A inscri\u00e7\u00e3o no CRESS dever\u00e1 ser solicitada atrav\u00e9s de requerimento <a href=\"https:\/\/cress-ac.implanta.net.br\/servicosonline\/Precadastro\/PreCadastro\/\">eletr\u00f4nico no site do  Regiona<\/a>l, onde ser\u00e3o anexados os seguintes documentos digitalizados:<br>I &#8211; Diploma de Bacharel\/a em curso de gradua\u00e7\u00e3o em Servi\u00e7o Social, oficialmente reconhecido, expedido por estabelecimento de ensino superior existente no pa\u00eds, devidamente registrado no \u00f3rg\u00e3o competente, ou documento que comprove a cola\u00e7\u00e3o de grau devidamente assinado pelo\/a<br>reitor\/a ou diretor\/a ou seu representante legal e emitido por unidade ensino com Curso de  Servi\u00e7o Social oficialmente reconhecido, no qual conste obrigatoriamente timbre da unidade de ensino, data da cola\u00e7\u00e3o de grau e nome do bacharel\/a em Servi\u00e7o Social;<br>II \u2013 Documento de identifica\u00e7\u00e3o com foto, naturalidade, n\u00famero de RG e respectivo \u00f3rg\u00e3o expedidor;<br>III &#8211; Cadastro de Pessoa F\u00edsica;<br>IV &#8211; Uma fotografia 3&#215;4 recente, colorida e n\u00edtida;<br>V &#8211; Comprovante de quita\u00e7\u00e3o com o servi\u00e7o militar obrigat\u00f3rio, para o requerente brasileiro do<br>sexo masculino com at\u00e9 45 anos de idade;<br>VI \u2013 Comprovantes de pagamento dos boletos banc\u00e1rios da taxa de inscri\u00e7\u00e3o (abrangendo a expedi\u00e7\u00e3o do Documento de Identidade Profissional) e da anuidade (integral ou proporcional) ou da primeira parcela, conforme o caso;<br>VII &#8211; Requerimento de expedi\u00e7\u00e3o do Documento de Identidade Profissional;<\/p><p>Para acessar os Servi\u00e7os Online e fazer o seu pr\u00e9-cadastro, acesse:<\/p><p><a href=\"https:\/\/cress-ac.implanta.net.br\/servicosonline\/\">Acesse a nossa p\u00e1gina de Servi\u00e7os Online para fazer a sua inscri\u00e7\u00e3o.<\/a><\/p><h2 class=\"wp-block-heading\"><\/h2><p><strong><u>O prazo estabelecido para ter seu n\u00famero de registro \u00e9 de at\u00e9 45 dias corridos.<\/u><\/strong><\/p><p><strong>Confira abaixo os valores:<\/strong><\/p><div class=\"wp-block-file\"><a id=\"wp-block-file--media-82f9e868-f72a-4247-9b7c-568a361b72c4\" href=\"http:\/\/www.cress-ac.org.br\/site\/wp-content\/uploads\/2019\/04\/modelo-da-fotografia-1.pdf\">MODELO DA FOTOGRAFIA 3X4<\/a><a href=\"http:\/\/www.cress-ac.org.br\/site\/wp-content\/uploads\/2019\/04\/modelo-da-fotografia-1.pdf\" class=\"wp-block-file__button wp-element-button\" download aria-describedby=\"wp-block-file--media-82f9e868-f72a-4247-9b7c-568a361b72c4\">Baixar<\/a><\/div>","protected":false},"excerpt":{"rendered":"","protected":false},"author":1,"featured_media":0,"parent":160,"menu_order":0,"comment_status":"closed","ping_status":"closed","template":"","meta":{"_EventAllDay":false,"_EventTimezone":"","_EventStartDate":"","_EventEndDate":"","_EventStartDateUTC":"","_EventEndDateUTC":"","_EventShowMap":false,"_EventShowMapLink":false,"_EventURL":"","_EventCost":"","_EventCostDescription":"","_EventCurrencySymbol":"","_EventCurrencyPosition":"","_EventDateTimeSeparator":"","_EventTimeRangeSeparator":"","_EventOrganizerID":[],"_EventVenueID":0,"_OrganizerEmail":"","_OrganizerPhone":"","_OrganizerWebsite":"","_VenueAddress":"","_VenueCity":"","_VenueCountry":"","_VenueProvince":"","_VenueZip":"","_VenuePhone":"","_VenueURL":"","_VenueStateProvince":"","_VenueLat":"","_VenueLng":"","footnotes":""},"class_list":["post-165","page","type-page","status-publish","hentry"],"_links":{"self":[{"href":"https:\/\/www.cress-ac.org.br\/site\/wp-json\/wp\/v2\/pages\/165","targetHints":{"allow":["GET"]}}],"collection":[{"href":"https:\/\/www.cress-ac.org.br\/site\/wp-json\/wp\/v2\/pages"}],"about":[{"href":"https:\/\/www.cress-ac.org.br\/site\/wp-json\/wp\/v2\/types\/page"}],"author":[{"embeddable":true,"href":"https:\/\/www.cress-ac.org.br\/site\/wp-json\/wp\/v2\/users\/1"}],"replies":[{"embeddable":true,"href":"https:\/\/www.cress-ac.org.br\/site\/wp-json\/wp\/v2\/comments?post=165"}],"version-history":[{"count":21,"href":"https:\/\/www.cress-ac.org.br\/site\/wp-json\/wp\/v2\/pages\/165\/revisions"}],"predecessor-version":[{"id":4025,"href":"https:\/\/www.cress-ac.org.br\/site\/wp-json\/wp\/v2\/pages\/165\/revisions\/4025"}],"up":[{"embeddable":true,"href":"https:\/\/www.cress-ac.org.br\/site\/wp-json\/wp\/v2\/pages\/160"}],"wp:attachment":[{"href":"https:\/\/www.cress-ac.org.br\/site\/wp-json\/wp\/v2\/media?parent=165"}],"curies":[{"name":"wp","href":"https:\/\/api.w.org\/{rel}","templated":true}]}}