{"id":167,"date":"2018-10-12T00:46:41","date_gmt":"2018-10-12T00:46:41","guid":{"rendered":"http:\/\/www.cress-ac.org.br\/site\/?page_id=167"},"modified":"2025-08-07T16:07:38","modified_gmt":"2025-08-07T16:07:38","slug":"cancelamento","status":"publish","type":"page","link":"https:\/\/www.cress-ac.org.br\/site\/registro-profissional\/cancelamento\/","title":{"rendered":"Cancelamento"},"content":{"rendered":"<!--more--><p class=\"has-text-align-left\">Qualquer profissional poder\u00e1 requerer o cancelamento de sua inscri\u00e7\u00e3o, desde que declare o n\u00e3o exerc\u00edcio de qualquer atividade, fun\u00e7\u00e3o ou cargo que envolva o exerc\u00edcio profissional do assistente social.<\/p><p class=\"has-text-align-left\">Para requerer o cancelamento, a\/o interessada\/o dever\u00e1 expressar, de forma inequ\u00edvoca, sua vontade em rela\u00e7\u00e3o ao cancelamento de sua inscri\u00e7\u00e3o perante o CRESS por meio de requerimento eletr\u00f4nico no ambiente de <a href=\"https:\/\/cress-ac.implanta.net.br\/servicosonline\/\">servi\u00e7os online<\/a>.<br>Ap\u00f3s envio do requerimento, o setor administrativo do CRESS avaliar\u00e1 o<br>conte\u00fado, gerando pend\u00eancia, quando for o caso, que dever\u00e1 ser sanada em 20 dias corridos, contados a partir do envio do comunicado, sob pena de indeferimento.<br>Ao final da solicita\u00e7\u00e3o ser\u00e1 encaminhado comunicado de confirma\u00e7\u00e3o do<br>envio do requerimento.<br> Ser\u00e3o devidos e cobrados pelas vias administrativas ou judiciais os d\u00e9bitos<br>at\u00e9 a data do pedido de cancelamento de inscri\u00e7\u00e3o.<br>O deferimento desse pedido s\u00f3 se efetivara\u0301 se a\/o profissional n\u00e3o estiver<br>respondendo a processo \u00e9tico e\/ou disciplinar, observado o artigo 4\u00ba da Resolu\u00e7\u00e3o CFESS no 660\/2013 (C\u00f3digo Processual de \u00c9tica).<\/p>","protected":false},"excerpt":{"rendered":"","protected":false},"author":1,"featured_media":0,"parent":160,"menu_order":0,"comment_status":"closed","ping_status":"closed","template":"","meta":{"_EventAllDay":false,"_EventTimezone":"","_EventStartDate":"","_EventEndDate":"","_EventStartDateUTC":"","_EventEndDateUTC":"","_EventShowMap":false,"_EventShowMapLink":false,"_EventURL":"","_EventCost":"","_EventCostDescription":"","_EventCurrencySymbol":"","_EventCurrencyPosition":"","_EventDateTimeSeparator":"","_EventTimeRangeSeparator":"","_EventOrganizerID":[],"_EventVenueID":0,"_OrganizerEmail":"","_OrganizerPhone":"","_OrganizerWebsite":"","_VenueAddress":"","_VenueCity":"","_VenueCountry":"","_VenueProvince":"","_VenueZip":"","_VenuePhone":"","_VenueURL":"","_VenueStateProvince":"","_VenueLat":"","_VenueLng":"","footnotes":""},"class_list":["post-167","page","type-page","status-publish","hentry"],"_links":{"self":[{"href":"https:\/\/www.cress-ac.org.br\/site\/wp-json\/wp\/v2\/pages\/167","targetHints":{"allow":["GET"]}}],"collection":[{"href":"https:\/\/www.cress-ac.org.br\/site\/wp-json\/wp\/v2\/pages"}],"about":[{"href":"https:\/\/www.cress-ac.org.br\/site\/wp-json\/wp\/v2\/types\/page"}],"author":[{"embeddable":true,"href":"https:\/\/www.cress-ac.org.br\/site\/wp-json\/wp\/v2\/users\/1"}],"replies":[{"embeddable":true,"href":"https:\/\/www.cress-ac.org.br\/site\/wp-json\/wp\/v2\/comments?post=167"}],"version-history":[{"count":8,"href":"https:\/\/www.cress-ac.org.br\/site\/wp-json\/wp\/v2\/pages\/167\/revisions"}],"predecessor-version":[{"id":4024,"href":"https:\/\/www.cress-ac.org.br\/site\/wp-json\/wp\/v2\/pages\/167\/revisions\/4024"}],"up":[{"embeddable":true,"href":"https:\/\/www.cress-ac.org.br\/site\/wp-json\/wp\/v2\/pages\/160"}],"wp:attachment":[{"href":"https:\/\/www.cress-ac.org.br\/site\/wp-json\/wp\/v2\/media?parent=167"}],"curies":[{"name":"wp","href":"https:\/\/api.w.org\/{rel}","templated":true}]}}