{"id":169,"date":"2018-10-12T00:47:04","date_gmt":"2018-10-12T00:47:04","guid":{"rendered":"http:\/\/www.cress-ac.org.br\/site\/?page_id=169"},"modified":"2025-08-07T16:13:02","modified_gmt":"2025-08-07T16:13:02","slug":"transferencia","status":"publish","type":"page","link":"https:\/\/www.cress-ac.org.br\/site\/registro-profissional\/transferencia\/","title":{"rendered":"Transfer\u00eancia"},"content":{"rendered":"<!--more--><p>A transfer\u00eancia de inscri\u00e7\u00e3o principal de um CRESS para outro ser\u00e1 requerida junto ao CRESS de origem por meio de requerimento eletr\u00f4nico no ambiente de <a href=\"https:\/\/cress-ac.implanta.net.br\/servicosonline\/\" data-type=\"URL\" data-id=\"https:\/\/cress-ac.implanta.net.br\/servicosonline\/\">servi\u00e7os online<\/a>.<\/p><p>Ap\u00f3s envio do requerimento, o setor administrativo do CRESS avaliar\u00e1 o<br>conte\u00fado, gerando pend\u00eancia, quando for o caso, que dever\u00e1 ser sanada em 20 dias corridos, contados a partir do envio do comunicado, sob pena de indeferimento.<\/p><p><\/p>","protected":false},"excerpt":{"rendered":"","protected":false},"author":1,"featured_media":0,"parent":160,"menu_order":0,"comment_status":"closed","ping_status":"closed","template":"","meta":{"_EventAllDay":false,"_EventTimezone":"","_EventStartDate":"","_EventEndDate":"","_EventStartDateUTC":"","_EventEndDateUTC":"","_EventShowMap":false,"_EventShowMapLink":false,"_EventURL":"","_EventCost":"","_EventCostDescription":"","_EventCurrencySymbol":"","_EventCurrencyPosition":"","_EventDateTimeSeparator":"","_EventTimeRangeSeparator":"","_EventOrganizerID":[],"_EventVenueID":0,"_OrganizerEmail":"","_OrganizerPhone":"","_OrganizerWebsite":"","_VenueAddress":"","_VenueCity":"","_VenueCountry":"","_VenueProvince":"","_VenueZip":"","_VenuePhone":"","_VenueURL":"","_VenueStateProvince":"","_VenueLat":"","_VenueLng":"","footnotes":""},"class_list":["post-169","page","type-page","status-publish","hentry"],"_links":{"self":[{"href":"https:\/\/www.cress-ac.org.br\/site\/wp-json\/wp\/v2\/pages\/169","targetHints":{"allow":["GET"]}}],"collection":[{"href":"https:\/\/www.cress-ac.org.br\/site\/wp-json\/wp\/v2\/pages"}],"about":[{"href":"https:\/\/www.cress-ac.org.br\/site\/wp-json\/wp\/v2\/types\/page"}],"author":[{"embeddable":true,"href":"https:\/\/www.cress-ac.org.br\/site\/wp-json\/wp\/v2\/users\/1"}],"replies":[{"embeddable":true,"href":"https:\/\/www.cress-ac.org.br\/site\/wp-json\/wp\/v2\/comments?post=169"}],"version-history":[{"count":8,"href":"https:\/\/www.cress-ac.org.br\/site\/wp-json\/wp\/v2\/pages\/169\/revisions"}],"predecessor-version":[{"id":4027,"href":"https:\/\/www.cress-ac.org.br\/site\/wp-json\/wp\/v2\/pages\/169\/revisions\/4027"}],"up":[{"embeddable":true,"href":"https:\/\/www.cress-ac.org.br\/site\/wp-json\/wp\/v2\/pages\/160"}],"wp:attachment":[{"href":"https:\/\/www.cress-ac.org.br\/site\/wp-json\/wp\/v2\/media?parent=169"}],"curies":[{"name":"wp","href":"https:\/\/api.w.org\/{rel}","templated":true}]}}