{"id":174,"date":"2018-10-12T00:48:40","date_gmt":"2018-10-12T00:48:40","guid":{"rendered":"http:\/\/www.cress-ac.org.br\/site\/?page_id=174"},"modified":"2023-04-12T18:08:59","modified_gmt":"2023-04-12T18:08:59","slug":"inscricao-secundaria","status":"publish","type":"page","link":"https:\/\/www.cress-ac.org.br\/site\/registro-profissional\/inscricao-secundaria\/","title":{"rendered":"Inscri\u00e7\u00e3o Secund\u00e1ria"},"content":{"rendered":"<p>O registro profissional secund\u00e1rio \u00e9 concedido aos\/\u00e0s profissionais Assistentes Sociais com registro profissional principal em outro estado, e que simultaneamente tamb\u00e9m venham a exercer atividades profissionais no Acre por per\u00edodo superior a 90 dias. Com este registro o\/a Assistente Social mant\u00e9m sua inscri\u00e7\u00e3o no CRESS de origem, passando a possuir mais de um registro.<\/p><p>O exerc\u00edcio da profiss\u00e3o simult\u00e2neo, por per\u00edodo superior a 90 (noventa) dias corridos, fora da \u00e1rea de jurisdi\u00e7\u00e3o do CRESS em que o profissional tenha inscri\u00e7\u00e3o principal, tamb\u00e9m obriga a inscri\u00e7\u00e3o secund\u00e1ria no Conselho competente. <em>(Res. CFESS 582\/2010 Art. 33).<\/em><\/p><p><strong>Como requerer<\/strong><\/p><p>A inscri\u00e7\u00e3o secund\u00e1ria \u00e9 aquela a que est\u00e1 obrigada\/o a\/o profissional para exercer a profiss\u00e3o por per\u00edodo superior a 90 dias corridos fora da \u00e1rea de jurisdi\u00e7\u00e3o do CRESS em que a\/o profissional tenha inscri\u00e7\u00e3o principal.<br>As atividades eventuais que se desenvolvam em tempo inferior a 90 dias<br>corridos por ano, em cada Regi\u00e3o, ser\u00e3o consideradas de natureza eventual e, por conseguinte, n\u00e3o sujeitar\u00e3o a\/o assistente social a\u0300 inscri\u00e7\u00e3o secund\u00e1ria.<br>Para requerer a inscri\u00e7\u00e3o secund\u00e1ria, a\/o interessada\/o dever\u00e1 apresentar Certid\u00e3o de Inteiro Teor fornecida pelo CRESS onde a\/o profissional mant\u00e9m sua inscri\u00e7\u00e3o principal.<br>A solicita\u00e7\u00e3o de inscri\u00e7\u00e3o secund\u00e1ria dever\u00e1 ser formulada atrav\u00e9s de<br>requerimento eletr\u00f4nico, instru\u00eddo com comprovante de pagamento da taxa de inscri\u00e7\u00e3o e o requerimento de expedi\u00e7\u00e3o do Documento de Identidade Profissional.<br>O processo de Inscri\u00e7\u00e3o Secund\u00e1ria ser\u00e1 instru\u00eddo pelo setor administrativo e encaminhado a Comiss\u00e3o de Inscri\u00e7\u00e3o\/Registro, que decidir\u00e1 pelo deferimento ou indeferimento da inscri\u00e7\u00e3o, submetendo sua decis\u00e3o a homologa\u00e7\u00e3o do Conselho Pleno.<br>Aplica-se \u00e0 inscri\u00e7\u00e3o secund\u00e1ria, no que couber, as disposi\u00e7\u00f5es constantes<br>dos <a href=\"https:\/\/www.cfess.org.br\/arquivos\/Resolucaocfess1014-2022.pdf\">artigos 2\u00ba a 5\u00ba da presente Resolu\u00e7\u00e3o.<\/a><br>O CRESS onde a\/o profissional realizar inscri\u00e7\u00e3o secund\u00e1ria enviar\u00e1 of\u00edcio<br>ao CRESS de origem comunicando a efetiva\u00e7\u00e3o da inscri\u00e7\u00e3o secund\u00e1ria.<br>Independentemente das inscri\u00e7\u00f5es secund\u00e1rias em outros Regionais, a\/o profissional permanecera\u0301 com sua inscri\u00e7\u00e3o principal, sujeito a todas as obriga\u00e7\u00f5es pecuni\u00e1rias decorrentes dessa inscri\u00e7\u00e3o.<br> A\/O assistente social estar\u00e1 isenta\/o de pagar anuidades ao CRESS onde possua inscri\u00e7\u00e3o secund\u00e1ria, no entanto, esta\u0301 obrigada\/o ao pagamento de taxa de inscri\u00e7\u00e3o.<br>O direito de votar e ser votada\/o nas elei\u00e7\u00f5es para CRESS caber\u00e1 apenas na jurisdi\u00e7\u00e3o em que a\/o profissional tenha sua inscri\u00e7\u00e3o principal.<\/p><p><strong>Endere\u00e7o: Rua Conquista, n\u00ba 460, Geraldo Fleming, CEP- 69918-864 \u2013 Rio Branco-AC Fone: (68) 3227-4567 | E-mail: <a href=\"mailto:cressac.boletos@gmail.com\">atendimento@cress-ac.org <\/a><\/strong><\/p>","protected":false},"excerpt":{"rendered":"<p>O registro profissional secund\u00e1rio \u00e9 concedido aos\/\u00e0s profissionais Assistentes Sociais com registro profissional principal em outro estado, e que simultaneamente tamb\u00e9m venham a exercer atividades profissionais no Acre por per\u00edodo &#8230;<\/p>\n","protected":false},"author":1,"featured_media":0,"parent":160,"menu_order":0,"comment_status":"closed","ping_status":"closed","template":"","meta":{"_EventAllDay":false,"_EventTimezone":"","_EventStartDate":"","_EventEndDate":"","_EventStartDateUTC":"","_EventEndDateUTC":"","_EventShowMap":false,"_EventShowMapLink":false,"_EventURL":"","_EventCost":"","_EventCostDescription":"","_EventCurrencySymbol":"","_EventCurrencyPosition":"","_EventDateTimeSeparator":"","_EventTimeRangeSeparator":"","_EventOrganizerID":[],"_EventVenueID":0,"_OrganizerEmail":"","_OrganizerPhone":"","_OrganizerWebsite":"","_VenueAddress":"","_VenueCity":"","_VenueCountry":"","_VenueProvince":"","_VenueZip":"","_VenuePhone":"","_VenueURL":"","_VenueStateProvince":"","_VenueLat":"","_VenueLng":"","footnotes":""},"class_list":["post-174","page","type-page","status-publish","hentry"],"_links":{"self":[{"href":"https:\/\/www.cress-ac.org.br\/site\/wp-json\/wp\/v2\/pages\/174","targetHints":{"allow":["GET"]}}],"collection":[{"href":"https:\/\/www.cress-ac.org.br\/site\/wp-json\/wp\/v2\/pages"}],"about":[{"href":"https:\/\/www.cress-ac.org.br\/site\/wp-json\/wp\/v2\/types\/page"}],"author":[{"embeddable":true,"href":"https:\/\/www.cress-ac.org.br\/site\/wp-json\/wp\/v2\/users\/1"}],"replies":[{"embeddable":true,"href":"https:\/\/www.cress-ac.org.br\/site\/wp-json\/wp\/v2\/comments?post=174"}],"version-history":[{"count":10,"href":"https:\/\/www.cress-ac.org.br\/site\/wp-json\/wp\/v2\/pages\/174\/revisions"}],"predecessor-version":[{"id":3801,"href":"https:\/\/www.cress-ac.org.br\/site\/wp-json\/wp\/v2\/pages\/174\/revisions\/3801"}],"up":[{"embeddable":true,"href":"https:\/\/www.cress-ac.org.br\/site\/wp-json\/wp\/v2\/pages\/160"}],"wp:attachment":[{"href":"https:\/\/www.cress-ac.org.br\/site\/wp-json\/wp\/v2\/media?parent=174"}],"curies":[{"name":"wp","href":"https:\/\/api.w.org\/{rel}","templated":true}]}}