{"id":176,"date":"2018-10-12T00:49:20","date_gmt":"2018-10-12T00:49:20","guid":{"rendered":"http:\/\/www.cress-ac.org.br\/site\/?page_id=176"},"modified":"2025-08-07T16:07:08","modified_gmt":"2025-08-07T16:07:08","slug":"inscricao-de-pessoa-juridica","status":"publish","type":"page","link":"https:\/\/www.cress-ac.org.br\/site\/registro-profissional\/inscricao-de-pessoa-juridica\/","title":{"rendered":"Inscri\u00e7\u00e3o de Pessoa Jur\u00eddica"},"content":{"rendered":"<p>ORIENTA\u00c7\u00d5ES PARA SOLICITA\u00c7\u00c3O DA INSCRI\u00c7\u00c3O CONFORME <a href=\"http:\/\/www.cfess.org.br\/arquivos\/Resolucaocfess1015-2022.pdf\">RESOLU\u00c7\u00c3O CFESS N\u00ba 1015, DE 13 DE DEZEMBRO DE 2022.<\/a><\/p><p>O pedido de registro se fara\u0301 atrav\u00e9s de requerimento eletr\u00f4nico no site do CRESS, acompanhado dos seguintes documentos digitalizados:<br>I &#8211; Estatuto ou ata devidamente registrada no cart\u00f3rio competente, ou contrato social devidamente registrado no cart\u00f3rio competente, ou Lei que criou ou instituiu o \u00f3rg\u00e3o de natureza p\u00fablica;<br>II &#8211; Declara\u00e7\u00e3o do in\u00edcio das atividades de Servi\u00e7o Social da Pessoa Jur\u00eddica;<br>III &#8211; Rela\u00e7\u00e3o contendo nome e n\u00famero de CRESS dos Assistentes Sociais que trabalham na entidade sob v\u00ednculo empregat\u00edcio ou n\u00e3o;<br>IV &#8211; Declara\u00e7\u00e3o assinada pelo representante legal da entidade assegurando a\/ao assistente social atribui\u00e7\u00f5es compat\u00edveis com as exig\u00eancias legais, normas \u00e9ticas, dignidade profissional e garantia de autonomia nos assuntos t\u00e9cnicos;<br>V &#8211; Comprovante de inscri\u00e7\u00e3o no CNPJ<\/p><p><a href=\"https:\/\/cress-ac.implanta.net.br\/servicosonline\/\">Acesse a nossa p\u00e1gina de Servi\u00e7os Online para fazer a sua inscri\u00e7\u00e3o.<\/a><\/p><p><\/p>","protected":false},"excerpt":{"rendered":"<p>ORIENTA\u00c7\u00d5ES PARA SOLICITA\u00c7\u00c3O DA INSCRI\u00c7\u00c3O CONFORME RESOLU\u00c7\u00c3O CFESS N\u00ba 1015, DE 13 DE DEZEMBRO DE 2022. O pedido de registro se fara\u0301 atrav\u00e9s de requerimento eletr\u00f4nico no site do CRESS, &#8230;<\/p>\n","protected":false},"author":1,"featured_media":0,"parent":160,"menu_order":0,"comment_status":"closed","ping_status":"closed","template":"","meta":{"_EventAllDay":false,"_EventTimezone":"","_EventStartDate":"","_EventEndDate":"","_EventStartDateUTC":"","_EventEndDateUTC":"","_EventShowMap":false,"_EventShowMapLink":false,"_EventURL":"","_EventCost":"","_EventCostDescription":"","_EventCurrencySymbol":"","_EventCurrencyPosition":"","_EventDateTimeSeparator":"","_EventTimeRangeSeparator":"","_EventOrganizerID":[],"_EventVenueID":0,"_OrganizerEmail":"","_OrganizerPhone":"","_OrganizerWebsite":"","_VenueAddress":"","_VenueCity":"","_VenueCountry":"","_VenueProvince":"","_VenueZip":"","_VenuePhone":"","_VenueURL":"","_VenueStateProvince":"","_VenueLat":"","_VenueLng":"","footnotes":""},"class_list":["post-176","page","type-page","status-publish","hentry"],"_links":{"self":[{"href":"https:\/\/www.cress-ac.org.br\/site\/wp-json\/wp\/v2\/pages\/176","targetHints":{"allow":["GET"]}}],"collection":[{"href":"https:\/\/www.cress-ac.org.br\/site\/wp-json\/wp\/v2\/pages"}],"about":[{"href":"https:\/\/www.cress-ac.org.br\/site\/wp-json\/wp\/v2\/types\/page"}],"author":[{"embeddable":true,"href":"https:\/\/www.cress-ac.org.br\/site\/wp-json\/wp\/v2\/users\/1"}],"replies":[{"embeddable":true,"href":"https:\/\/www.cress-ac.org.br\/site\/wp-json\/wp\/v2\/comments?post=176"}],"version-history":[{"count":6,"href":"https:\/\/www.cress-ac.org.br\/site\/wp-json\/wp\/v2\/pages\/176\/revisions"}],"predecessor-version":[{"id":4023,"href":"https:\/\/www.cress-ac.org.br\/site\/wp-json\/wp\/v2\/pages\/176\/revisions\/4023"}],"up":[{"embeddable":true,"href":"https:\/\/www.cress-ac.org.br\/site\/wp-json\/wp\/v2\/pages\/160"}],"wp:attachment":[{"href":"https:\/\/www.cress-ac.org.br\/site\/wp-json\/wp\/v2\/media?parent=176"}],"curies":[{"name":"wp","href":"https:\/\/api.w.org\/{rel}","templated":true}]}}