{"id":178,"date":"2018-10-12T00:49:58","date_gmt":"2018-10-12T00:49:58","guid":{"rendered":"http:\/\/www.cress-ac.org.br\/site\/?page_id=178"},"modified":"2020-04-21T15:16:33","modified_gmt":"2020-04-21T15:16:33","slug":"substituicao-da-certidao-de-colacao-de-grau-pelo-diploma","status":"publish","type":"page","link":"https:\/\/www.cress-ac.org.br\/site\/registro-profissional\/substituicao-da-certidao-de-colacao-de-grau-pelo-diploma\/","title":{"rendered":"Substitui\u00e7\u00e3o da Certid\u00e3o de cola\u00e7\u00e3o de grau pelo diploma"},"content":{"rendered":"<p>O Conselho Regional de Servi\u00e7o Social do Acre \u2013 CRESS 26\u00aa regi\u00e3o informa as\/os profissionais que ainda n\u00e3o realizaram a substitui\u00e7\u00e3o da sua certid\u00e3o ou certificado de cola\u00e7\u00e3o de grau pelo diploma de bacharel em Servi\u00e7o Social, que o fa\u00e7am com maior brevidade poss\u00edvel. Tendo em vista que, \u201cA n\u00e3o substitui\u00e7\u00e3o do documento, previsto no prazo de 1 ano, prorrog\u00e1vel por mais 1 ano, a partir da data da inscri\u00e7\u00e3o do registro no CRESS, conforme estabelece o artigo 28, II, \u00a7 \u00fanico\u00a0 da Resolu\u00e7\u00e3o n\u00ba 582\/2010, poder\u00e1 ser cancelada ou cassada \u201cex -off\u00edcio\u201d, conforme estabelece a Resolu\u00e7\u00e3o CFESS 588\/2010, art.28, par\u00e1grafo sexto.<\/p><p>Informamos ainda que caso n\u00e3o seja efetuada tal regulariza\u00e7\u00e3o e a\/o assistente social permane\u00e7a exercendo a profiss\u00e3o ap\u00f3s o seu cancelamento, o mesmo poder\u00e1 sofrer processo criminal por EXERC\u00cdCIO ILEGAL DA PROFISS\u00c3O.<\/p><p>A regulariza\u00e7\u00e3o da inscri\u00e7\u00e3o dever\u00e1 ser realizada com a apresenta\u00e7\u00e3o do DIPLOMA e da carteira de identidade profissional presencialmente na sede do CRESS-AC ou atrav\u00e9s do envio pelo correio, com envio de c\u00f3pia autenticada do DIPLOMA.<\/p><p>Endere\u00e7o para apresenta\u00e7\u00e3o e\/ou envio da c\u00f3pia autenticada do diploma: <\/p><p>Rua conquista n\u00ba 460, Bairro: Geraldo Fleming. CEP: 69.918-864, Rio Branco \u2013 AC, Telefone: 3224-8093 .<\/p><p><\/p>","protected":false},"excerpt":{"rendered":"<p>O Conselho Regional de Servi\u00e7o Social do Acre \u2013 CRESS 26\u00aa regi\u00e3o informa as\/os profissionais que ainda n\u00e3o realizaram a substitui\u00e7\u00e3o da sua certid\u00e3o ou certificado de cola\u00e7\u00e3o de grau &#8230;<\/p>\n","protected":false},"author":1,"featured_media":0,"parent":160,"menu_order":0,"comment_status":"closed","ping_status":"closed","template":"","meta":{"_EventAllDay":false,"_EventTimezone":"","_EventStartDate":"","_EventEndDate":"","_EventStartDateUTC":"","_EventEndDateUTC":"","_EventShowMap":false,"_EventShowMapLink":false,"_EventURL":"","_EventCost":"","_EventCostDescription":"","_EventCurrencySymbol":"","_EventCurrencyPosition":"","_EventDateTimeSeparator":"","_EventTimeRangeSeparator":"","_EventOrganizerID":[],"_EventVenueID":0,"_OrganizerEmail":"","_OrganizerPhone":"","_OrganizerWebsite":"","_VenueAddress":"","_VenueCity":"","_VenueCountry":"","_VenueProvince":"","_VenueZip":"","_VenuePhone":"","_VenueURL":"","_VenueStateProvince":"","_VenueLat":"","_VenueLng":"","footnotes":""},"class_list":["post-178","page","type-page","status-publish","hentry"],"_links":{"self":[{"href":"https:\/\/www.cress-ac.org.br\/site\/wp-json\/wp\/v2\/pages\/178","targetHints":{"allow":["GET"]}}],"collection":[{"href":"https:\/\/www.cress-ac.org.br\/site\/wp-json\/wp\/v2\/pages"}],"about":[{"href":"https:\/\/www.cress-ac.org.br\/site\/wp-json\/wp\/v2\/types\/page"}],"author":[{"embeddable":true,"href":"https:\/\/www.cress-ac.org.br\/site\/wp-json\/wp\/v2\/users\/1"}],"replies":[{"embeddable":true,"href":"https:\/\/www.cress-ac.org.br\/site\/wp-json\/wp\/v2\/comments?post=178"}],"version-history":[{"count":2,"href":"https:\/\/www.cress-ac.org.br\/site\/wp-json\/wp\/v2\/pages\/178\/revisions"}],"predecessor-version":[{"id":2948,"href":"https:\/\/www.cress-ac.org.br\/site\/wp-json\/wp\/v2\/pages\/178\/revisions\/2948"}],"up":[{"embeddable":true,"href":"https:\/\/www.cress-ac.org.br\/site\/wp-json\/wp\/v2\/pages\/160"}],"wp:attachment":[{"href":"https:\/\/www.cress-ac.org.br\/site\/wp-json\/wp\/v2\/media?parent=178"}],"curies":[{"name":"wp","href":"https:\/\/api.w.org\/{rel}","templated":true}]}}