{"id":3141,"date":"2020-07-07T15:07:06","date_gmt":"2020-07-07T15:07:06","guid":{"rendered":"http:\/\/www.cress-ac.org.br\/site\/?page_id=3141"},"modified":"2022-04-18T16:30:23","modified_gmt":"2022-04-18T16:30:23","slug":"licitacoes","status":"publish","type":"page","link":"https:\/\/www.cress-ac.org.br\/site\/licitacoes\/","title":{"rendered":"LICITA\u00c7\u00d5ES"},"content":{"rendered":"<p><strong>AVISO DE DISPENSA DE LICITA\u00c7\u00c3O<\/strong><\/p><p><strong>PROCESSO ADMNISTRATIVO N\u00ba 004\/2022<\/strong><\/p><p>O Conselho Regional de Servi\u00e7o Social do Acre \u2013 CRESS 26\u00aa Regi\u00e3o, em conformidade com o art. 75, \u00a7 3\u00ba, da Lei Federal n\u00ba 14.133\/2021, Nova Lei de Licita\u00e7\u00f5es e Contratos Administrativos e Decreto 10.922\/2021, torna p\u00fablico que a Administra\u00e7\u00e3o pretende realizar dispensa de licita\u00e7\u00e3o para \u201cContrata\u00e7\u00e3o de empresa especializada na presta\u00e7\u00e3o de servi\u00e7os de transporte com ve\u00edculos, incluindo motorista e combust\u00edvel, de quilometragem livre, para viagens no munic\u00edpio de Rio Branco e aos munic\u00edpios do interior, destinados a atender as necessidades do Conselho Regional de Servi\u00e7o Social do Estado do Acre \u2013 CRESS 26\u00aa Regi\u00e3o nas atividades de Fiscaliza\u00e7\u00e3o realizadas pela Comiss\u00e3o de Orienta\u00e7\u00e3o e Fiscaliza\u00e7\u00e3o &#8211; COFI\u201d. Eventuais interessados podem apresentar proposta de pre\u00e7o no prazo de 03 (tr\u00eas) dias \u00fateis, oportunidade em que a Administra\u00e7\u00e3o escolher\u00e1 a mais vantajosa. Propostas dever\u00e3o ser encaminhadas a CPL at\u00e9 18\/04\/2022. O termo de Refer\u00eancia pode ser obtido no endere\u00e7o eletr\u00f4nico: www.cress-ac.org.br. Os interessados em apresentar proposta, entrar em contato com a CPL, atrav\u00e9s do e-mail: atendimento@cress-ac.org<\/p><div class=\"wp-block-file\"><a href=\"http:\/\/www.cress-ac.org.br\/site\/wp-content\/uploads\/2022\/04\/TERMO-DE-REFERENCIA-TRANSPORTE-TERRESTRE-2022.pdf\">TERMO-DE-REFERENCIA-TRANSPORTE-TERRESTRE-2022<\/a><a href=\"http:\/\/www.cress-ac.org.br\/site\/wp-content\/uploads\/2022\/04\/TERMO-DE-REFERENCIA-TRANSPORTE-TERRESTRE-2022.pdf\" class=\"wp-block-file__button\" download>Baixar<\/a><\/div><p><\/p><p><strong>AVISO DE DISPENSA DE LICITA\u00c7\u00c3O<\/strong><\/p><p><strong>PROCESSO ADMNISTRATIVO N\u00ba 003\/2022<\/strong><\/p><p>O Conselho Regional de Servi\u00e7o Social do Acre \u2013 CRESS 26\u00aa Regi\u00e3o, em conformidade com o art. 75, \u00a7 3\u00ba, da Lei Federal n\u00ba 14.133\/2021, Nova Lei de Licita\u00e7\u00f5es e Contratos Administrativos e Decreto 10.922\/2021, torna p\u00fablico que a Administra\u00e7\u00e3o pretende realizar dispensa de licita\u00e7\u00e3o para empresa especializada para a intermedia\u00e7\u00e3o na presta\u00e7\u00e3o de servi\u00e7os de fornecimento de passagens a\u00e9reas nacionais e intermunicipais, compreendendo servi\u00e7os de reservas, marca\u00e7\u00e3o, cancelamento, remarca\u00e7\u00e3o, emiss\u00e3o e entrega de bilhetes eletr\u00f4nicos de passagens a\u00e9reas (e-ticket) ou de ordens de passagens, com o respectivo \u201cc\u00f3digo localizador\u201d, destinados a atender as necessidades do Conselho Regional de Servi\u00e7o Social do Estado do Acre \u2013 CRESS 26\u00aa Regi\u00e3o. Eventuais interessados podem apresentar proposta de pre\u00e7o no prazo de 03 (tr\u00eas) dias \u00fateis, oportunidade em que a Administra\u00e7\u00e3o escolher\u00e1 a mais vantajosa. Propostas dever\u00e3o ser encaminhadas a CPL at\u00e9 23\/03\/2022. Termo de Refer\u00eancia pode ser obtido no endere\u00e7o eletr\u00f4nico: www.cress-ac.org.br. Os interessados em apresentar proposta, entrar em contato com a CPL, atrav\u00e9s do e-mail: atendimento@cress-ac.org<\/p><div class=\"wp-block-file\"><a href=\"http:\/\/www.cress-ac.org.br\/site\/wp-content\/uploads\/2022\/04\/TERMO-DE-REFERENCIA-PASSAGENS-AEREAS-2022-Reparado-1.pdf\">TERMO-DE-REFERENCIA-PASSAGENS-AEREAS-2022<\/a><a href=\"http:\/\/www.cress-ac.org.br\/site\/wp-content\/uploads\/2022\/04\/TERMO-DE-REFERENCIA-PASSAGENS-AEREAS-2022-Reparado-1.pdf\" class=\"wp-block-file__button\" download>Baixar<\/a><\/div><p><\/p><h2 class=\"wp-block-heading\"><strong>EDITAL DE LICITA\u00c7\u00c3O &#8211; TOMADA DE PRE\u00c7OS N\u00ba 001\/2019<\/strong><\/h2><p class=\"has-very-dark-gray-color has-text-color\">Constitui objeto desta licita\u00e7\u00e3o, a escolha da proposta mais vantajosa para a contrata\u00e7\u00e3o de empresa especializada em obras e servi\u00e7os de engenharia para execu\u00e7\u00e3o de obra de reforma e amplia\u00e7\u00e3o do pr\u00e9dio sede do CRESS\/AC, em conformidade com os projetos, memoriais, planilhas, especifica\u00e7\u00f5es t\u00e9cnicas, cronogramas e demais condi\u00e7\u00f5es expressas no edital e seus anexos.<\/p><p class=\"has-very-dark-gray-color has-text-color\"><strong>Data, hor\u00e1rio de abertura e recebimento das propostas: <\/strong>28\/07\/2020, 14h00min (Hor\u00e1rio Local).<\/p><p class=\"has-very-dark-gray-color has-text-color\"><strong>Endere\u00e7o: <\/strong>SEDE DO CRA\/AC &#8211; Rua Bom Destino, 173 &#8211; Isaura Parente, Rio Branco &#8211; AC, CEP: 69918-306 <\/p><p class=\"has-very-dark-gray-color has-text-color\">Considerando as medidas que devem ser adotadas para redu\u00e7\u00e3o do potencial cont\u00e1gio da COVID-19, solicitamos aos licitantes interessados que compare\u00e7am usando m\u00e1scara.<\/p><p><\/p><div class=\"wp-block-file\"><a href=\"http:\/\/www.cress-ac.org.br\/site\/wp-content\/uploads\/2020\/07\/TOMADA-DE-PRE\u00c7OS-N\u00ba-01-REFORMA-CRESS-ATUALIZADA-06-07-2020.pdf\">TOMADA DE PRE\u00c7OS N\u00ba 01 REFORMA CRESS ATUALIZADA 06 07 2020<\/a><a href=\"http:\/\/www.cress-ac.org.br\/site\/wp-content\/uploads\/2020\/07\/TOMADA-DE-PRE\u00c7OS-N\u00ba-01-REFORMA-CRESS-ATUALIZADA-06-07-2020.pdf\" class=\"wp-block-file__button\" download>Baixar<\/a><\/div><div class=\"wp-block-file\"><a href=\"http:\/\/www.cress-ac.org.br\/site\/wp-content\/uploads\/2020\/07\/ORCAMENTO.xlsx\">ORCAMENTO<\/a><a href=\"http:\/\/www.cress-ac.org.br\/site\/wp-content\/uploads\/2020\/07\/ORCAMENTO.xlsx\" class=\"wp-block-file__button\" download>Baixar<\/a><\/div><div class=\"wp-block-file\"><a href=\"http:\/\/www.cress-ac.org.br\/site\/wp-content\/uploads\/2020\/07\/PLANTA-CRESS-ATUAL.pdf\">PLANTA CRESS ATUAL<\/a><a href=\"http:\/\/www.cress-ac.org.br\/site\/wp-content\/uploads\/2020\/07\/PLANTA-CRESS-ATUAL.pdf\" class=\"wp-block-file__button\" download>Baixar<\/a><\/div><div class=\"wp-block-file\"><a href=\"http:\/\/www.cress-ac.org.br\/site\/wp-content\/uploads\/2020\/07\/MEMORIAL-INCENDIO-E-P\u00c2NICO.pdf\">MEMORIAL INCENDIO E P\u00c2NICO<\/a><a href=\"http:\/\/www.cress-ac.org.br\/site\/wp-content\/uploads\/2020\/07\/MEMORIAL-INCENDIO-E-P\u00c2NICO.pdf\" class=\"wp-block-file__button\" download>Baixar<\/a><\/div><div class=\"wp-block-file\"><a href=\"http:\/\/www.cress-ac.org.br\/site\/wp-content\/uploads\/2020\/07\/Memorial-Descritivo.pdf\">Memorial Descritivo<\/a><a href=\"http:\/\/www.cress-ac.org.br\/site\/wp-content\/uploads\/2020\/07\/Memorial-Descritivo.pdf\" class=\"wp-block-file__button\" download>Baixar<\/a><\/div><div class=\"wp-block-file\"><a href=\"http:\/\/www.cress-ac.org.br\/site\/wp-content\/uploads\/2020\/07\/ARQUITETURA-PRACARQUITETURA-HA1.pdf\">ARQUITETURA PRACARQUITETURA HA1<\/a><a href=\"http:\/\/www.cress-ac.org.br\/site\/wp-content\/uploads\/2020\/07\/ARQUITETURA-PRACARQUITETURA-HA1.pdf\" class=\"wp-block-file__button\" download>Baixar<\/a><\/div><div class=\"wp-block-file\"><a href=\"http:\/\/www.cress-ac.org.br\/site\/wp-content\/uploads\/2020\/07\/ARQUITETURA-PRACARQUITETURA-HA2.pdf\">ARQUITETURA PRACARQUITETURA HA2<\/a><a href=\"http:\/\/www.cress-ac.org.br\/site\/wp-content\/uploads\/2020\/07\/ARQUITETURA-PRACARQUITETURA-HA2.pdf\" class=\"wp-block-file__button\" download>Baixar<\/a><\/div><div class=\"wp-block-file\"><a href=\"http:\/\/www.cress-ac.org.br\/site\/wp-content\/uploads\/2020\/07\/ELETRICO-INT-TEL-TV.pdf\">ELETRICO INT-TEL-TV<\/a><a href=\"http:\/\/www.cress-ac.org.br\/site\/wp-content\/uploads\/2020\/07\/ELETRICO-INT-TEL-TV.pdf\" class=\"wp-block-file__button\" download>Baixar<\/a><\/div><div class=\"wp-block-file\"><a href=\"http:\/\/www.cress-ac.org.br\/site\/wp-content\/uploads\/2020\/07\/ELETRICO-SPDA.pdf\">ELETRICO SPDA<\/a><a href=\"http:\/\/www.cress-ac.org.br\/site\/wp-content\/uploads\/2020\/07\/ELETRICO-SPDA.pdf\" class=\"wp-block-file__button\" download>Baixar<\/a><\/div><div class=\"wp-block-file\"><a href=\"http:\/\/www.cress-ac.org.br\/site\/wp-content\/uploads\/2020\/07\/ELETRICO.pdf\">ELETRICO<\/a><a href=\"http:\/\/www.cress-ac.org.br\/site\/wp-content\/uploads\/2020\/07\/ELETRICO.pdf\" class=\"wp-block-file__button\" download>Baixar<\/a><\/div><div class=\"wp-block-file\"><a href=\"http:\/\/www.cress-ac.org.br\/site\/wp-content\/uploads\/2020\/07\/DRENAGEM.pdf\">DRENAGEM<\/a><a href=\"http:\/\/www.cress-ac.org.br\/site\/wp-content\/uploads\/2020\/07\/DRENAGEM.pdf\" class=\"wp-block-file__button\" download>Baixar<\/a><\/div><div class=\"wp-block-file\"><a href=\"http:\/\/www.cress-ac.org.br\/site\/wp-content\/uploads\/2020\/07\/ESGOTO.pdf\">ESGOTO<\/a><a href=\"http:\/\/www.cress-ac.org.br\/site\/wp-content\/uploads\/2020\/07\/ESGOTO.pdf\" class=\"wp-block-file__button\" download>Baixar<\/a><\/div><div class=\"wp-block-file\"><a href=\"http:\/\/www.cress-ac.org.br\/site\/wp-content\/uploads\/2020\/07\/1-ESTRUTURA.pdf\">1 ESTRUTURA<\/a><a href=\"http:\/\/www.cress-ac.org.br\/site\/wp-content\/uploads\/2020\/07\/1-ESTRUTURA.pdf\" class=\"wp-block-file__button\" download>Baixar<\/a><\/div><div class=\"wp-block-file\"><a href=\"http:\/\/www.cress-ac.org.br\/site\/wp-content\/uploads\/2020\/07\/2-ESTRUTURA.pdf\">2 ESTRUTURA<\/a><a href=\"http:\/\/www.cress-ac.org.br\/site\/wp-content\/uploads\/2020\/07\/2-ESTRUTURA.pdf\" class=\"wp-block-file__button\" download>Baixar<\/a><\/div><div class=\"wp-block-file\"><a href=\"http:\/\/www.cress-ac.org.br\/site\/wp-content\/uploads\/2020\/07\/3-ESTRUTURA.pdf\">3 ESTRUTURA<\/a><a href=\"http:\/\/www.cress-ac.org.br\/site\/wp-content\/uploads\/2020\/07\/3-ESTRUTURA.pdf\" class=\"wp-block-file__button\" download>Baixar<\/a><\/div><div class=\"wp-block-file\"><a href=\"http:\/\/www.cress-ac.org.br\/site\/wp-content\/uploads\/2020\/07\/4-ESTRUTURA.pdf\">4 ESTRUTURA<\/a><a href=\"http:\/\/www.cress-ac.org.br\/site\/wp-content\/uploads\/2020\/07\/4-ESTRUTURA.pdf\" class=\"wp-block-file__button\" download>Baixar<\/a><\/div><div class=\"wp-block-file\"><a href=\"http:\/\/www.cress-ac.org.br\/site\/wp-content\/uploads\/2020\/07\/5-ESTRUTURA.pdf\">5 ESTRUTURA<\/a><a href=\"http:\/\/www.cress-ac.org.br\/site\/wp-content\/uploads\/2020\/07\/5-ESTRUTURA.pdf\" class=\"wp-block-file__button\" download>Baixar<\/a><\/div><div class=\"wp-block-file\"><a href=\"http:\/\/www.cress-ac.org.br\/site\/wp-content\/uploads\/2020\/07\/6-ESTRUTURA.pdf\">6 ESTRUTURA<\/a><a href=\"http:\/\/www.cress-ac.org.br\/site\/wp-content\/uploads\/2020\/07\/6-ESTRUTURA.pdf\" class=\"wp-block-file__button\" download>Baixar<\/a><\/div><div class=\"wp-block-file\"><a href=\"http:\/\/www.cress-ac.org.br\/site\/wp-content\/uploads\/2020\/07\/7-ESTRUTURA.pdf\">7 ESTRUTURA<\/a><a href=\"http:\/\/www.cress-ac.org.br\/site\/wp-content\/uploads\/2020\/07\/7-ESTRUTURA.pdf\" class=\"wp-block-file__button\" download>Baixar<\/a><\/div><div class=\"wp-block-file\"><a href=\"http:\/\/www.cress-ac.org.br\/site\/wp-content\/uploads\/2020\/07\/8-ESTRUTURA.pdf\">8 ESTRUTURA<\/a><a href=\"http:\/\/www.cress-ac.org.br\/site\/wp-content\/uploads\/2020\/07\/8-ESTRUTURA.pdf\" class=\"wp-block-file__button\" download>Baixar<\/a><\/div><div class=\"wp-block-file\"><a href=\"http:\/\/www.cress-ac.org.br\/site\/wp-content\/uploads\/2020\/07\/9-ESTRUTURA.pdf\">9 ESTRUTURA<\/a><a href=\"http:\/\/www.cress-ac.org.br\/site\/wp-content\/uploads\/2020\/07\/9-ESTRUTURA.pdf\" class=\"wp-block-file__button\" download>Baixar<\/a><\/div><div class=\"wp-block-file\"><a href=\"http:\/\/www.cress-ac.org.br\/site\/wp-content\/uploads\/2020\/07\/10-ESTRUTURA.pdf\">10 ESTRUTURA<\/a><a href=\"http:\/\/www.cress-ac.org.br\/site\/wp-content\/uploads\/2020\/07\/10-ESTRUTURA.pdf\" class=\"wp-block-file__button\" download>Baixar<\/a><\/div><p><\/p><div class=\"wp-block-file\"><a href=\"http:\/\/www.cress-ac.org.br\/site\/wp-content\/uploads\/2020\/07\/HIDRAULICO-PRACHA1.pdf\">HIDRAULICO PRACHA1<\/a><a href=\"http:\/\/www.cress-ac.org.br\/site\/wp-content\/uploads\/2020\/07\/HIDRAULICO-PRACHA1.pdf\" class=\"wp-block-file__button\" download>Baixar<\/a><\/div><div class=\"wp-block-file\"><a href=\"http:\/\/www.cress-ac.org.br\/site\/wp-content\/uploads\/2020\/07\/HIDRAULICO-PRACHA2.pdf\">HIDRAULICO PRACHA2<\/a><a href=\"http:\/\/www.cress-ac.org.br\/site\/wp-content\/uploads\/2020\/07\/HIDRAULICO-PRACHA2.pdf\" class=\"wp-block-file__button\" download>Baixar<\/a><\/div><div class=\"wp-block-file\"><a href=\"http:\/\/www.cress-ac.org.br\/site\/wp-content\/uploads\/2020\/07\/INCENDIO.pdf\">INCENDIO<\/a><a href=\"http:\/\/www.cress-ac.org.br\/site\/wp-content\/uploads\/2020\/07\/INCENDIO.pdf\" class=\"wp-block-file__button\" download>Baixar<\/a><\/div>","protected":false},"excerpt":{"rendered":"<p>AVISO DE DISPENSA DE LICITA\u00c7\u00c3O PROCESSO ADMNISTRATIVO N\u00ba 004\/2022 O Conselho Regional de Servi\u00e7o Social do Acre \u2013 CRESS 26\u00aa Regi\u00e3o, em conformidade com o art. 75, \u00a7 3\u00ba, da &#8230;<\/p>\n","protected":false},"author":1,"featured_media":0,"parent":0,"menu_order":0,"comment_status":"closed","ping_status":"closed","template":"","meta":{"_EventAllDay":false,"_EventTimezone":"","_EventStartDate":"","_EventEndDate":"","_EventStartDateUTC":"","_EventEndDateUTC":"","_EventShowMap":false,"_EventShowMapLink":false,"_EventURL":"","_EventCost":"","_EventCostDescription":"","_EventCurrencySymbol":"","_EventCurrencyPosition":"","_EventDateTimeSeparator":"","_EventTimeRangeSeparator":"","_EventOrganizerID":[],"_EventVenueID":0,"_OrganizerEmail":"","_OrganizerPhone":"","_OrganizerWebsite":"","_VenueAddress":"","_VenueCity":"","_VenueCountry":"","_VenueProvince":"","_VenueZip":"","_VenuePhone":"","_VenueURL":"","_VenueStateProvince":"","_VenueLat":"","_VenueLng":"","footnotes":""},"class_list":["post-3141","page","type-page","status-publish","hentry"],"_links":{"self":[{"href":"https:\/\/www.cress-ac.org.br\/site\/wp-json\/wp\/v2\/pages\/3141","targetHints":{"allow":["GET"]}}],"collection":[{"href":"https:\/\/www.cress-ac.org.br\/site\/wp-json\/wp\/v2\/pages"}],"about":[{"href":"https:\/\/www.cress-ac.org.br\/site\/wp-json\/wp\/v2\/types\/page"}],"author":[{"embeddable":true,"href":"https:\/\/www.cress-ac.org.br\/site\/wp-json\/wp\/v2\/users\/1"}],"replies":[{"embeddable":true,"href":"https:\/\/www.cress-ac.org.br\/site\/wp-json\/wp\/v2\/comments?post=3141"}],"version-history":[{"count":6,"href":"https:\/\/www.cress-ac.org.br\/site\/wp-json\/wp\/v2\/pages\/3141\/revisions"}],"predecessor-version":[{"id":3534,"href":"https:\/\/www.cress-ac.org.br\/site\/wp-json\/wp\/v2\/pages\/3141\/revisions\/3534"}],"wp:attachment":[{"href":"https:\/\/www.cress-ac.org.br\/site\/wp-json\/wp\/v2\/media?parent=3141"}],"curies":[{"name":"wp","href":"https:\/\/api.w.org\/{rel}","templated":true}]}}