{"id":3209,"date":"2020-08-27T17:06:47","date_gmt":"2020-08-27T17:06:47","guid":{"rendered":"http:\/\/www.cress-ac.org.br\/site\/?page_id=3209"},"modified":"2022-07-13T13:32:33","modified_gmt":"2022-07-13T13:32:33","slug":"concursos","status":"publish","type":"page","link":"https:\/\/www.cress-ac.org.br\/site\/concursos\/","title":{"rendered":"CONCURSOS"},"content":{"rendered":"<h1 class=\"wp-block-heading\"><\/h1><p><strong>CONCURSO P\u00daBLICO PARA PROVIMENTO DE VAGAS E FORMA\u00c7\u00c3O DE CADASTRO RESERVA PARA CARGO DE N\u00cdVEL SUPERIOR<\/strong><\/p><p><strong>EDITAL N\u00ba 1, DE 27 DE AGOSTO DE 2020<\/strong><\/p><p>O Presidente do CONSELHO REGIONAL DE SERVI\u00c7O SOCIAL 26\u00aa REGI\u00c3O- CRESS-AC, no uso de suas atribui\u00e7\u00f5es legais, torna p\u00fablica a realiza\u00e7\u00e3o de CONCURSO P\u00daBLICO para provimento de vagas em cargo de n\u00edvel superior, mais forma\u00e7\u00e3o de cadastro de reserva do quadro de pessoal do CRESS-AC, para o cargo de n\u00edvel superior: Agente Fiscal.<\/p><p>INSCRI\u00c7\u00d5ES: Ser\u00e1 admitida a inscri\u00e7\u00e3o exclusivamente via internet, no endere\u00e7o eletr\u00f4nico&nbsp;<a href=\"http:\/\/www.quadrix.org.br\/\">http:\/\/www.quadrix.org.br<\/a>, entre 10 horas do dia 27 de agosto de 2020 e 23 horas e 59 minutos do dia 09 de novembro de 2020, observado o hor\u00e1rio oficial de Bras\u00edlia\/DF.<\/p><div class=\"wp-block-file\"><a href=\"http:\/\/www.cress-ac.org.br\/site\/wp-content\/uploads\/2020\/08\/Clique-aqui-para-acessar-o-edital..pdf\">Clique aqui para acessar o edital.<\/a><a href=\"http:\/\/www.cress-ac.org.br\/site\/wp-content\/uploads\/2020\/08\/Clique-aqui-para-acessar-o-edital..pdf\" class=\"wp-block-file__button\" download>Baixar<\/a><\/div><p><strong>RESULTADO FINAL:<\/strong><\/p><p><\/p><div class=\"wp-block-file\"><a href=\"http:\/\/www.cress-ac.org.br\/site\/wp-content\/uploads\/2022\/07\/1_CRESS-AC_concurso_publico_2020_resultado_final.pdf\">1_CRESS-AC_concurso_publico_2020_resultado_final<\/a><a href=\"http:\/\/www.cress-ac.org.br\/site\/wp-content\/uploads\/2022\/07\/1_CRESS-AC_concurso_publico_2020_resultado_final.pdf\" class=\"wp-block-file__button\" download>Baixar<\/a><\/div><p><strong>HOMOLOGA\u00c7\u00c3O:<\/strong><\/p><div class=\"wp-block-file\"><a href=\"http:\/\/www.cress-ac.org.br\/site\/wp-content\/uploads\/2022\/07\/1_CRESS-AC_concurso_publico_2020_edital_homologacao.pdf\">1_CRESS-AC_concurso_publico_2020_edital_homologacao<\/a><a href=\"http:\/\/www.cress-ac.org.br\/site\/wp-content\/uploads\/2022\/07\/1_CRESS-AC_concurso_publico_2020_edital_homologacao.pdf\" class=\"wp-block-file__button\" download>Baixar<\/a><\/div><p><\/p><p><strong>CONVOCA\u00c7\u00d5ES:<\/strong><\/p><p><\/p><div class=\"wp-block-file\"><a href=\"http:\/\/www.cress-ac.org.br\/site\/wp-content\/uploads\/2022\/07\/1a-CONVOCACAO.pdf\"><strong>1\u00aa &#8211; CONVOCA\u00c7\u00c3O<\/strong><\/a><a href=\"http:\/\/www.cress-ac.org.br\/site\/wp-content\/uploads\/2022\/07\/1a-CONVOCACAO.pdf\" class=\"wp-block-file__button\" download>Baixar<\/a><\/div><p>EDITAL DE CONVOCA\u00c7\u00c3O \u2013 ENTREGA DE DOCUMENTOS E POSSE<br>O Presidente do CONSELHO REGIONAL DE SERVI\u00c7O SOCIAL 26\u00aa<br>REGI\u00c3O- CRESS-AC, no uso de suas atribui\u00e7\u00f5es legais, torna p\u00fablica a<br>convoca\u00e7\u00e3o para a entrega de documentos e posse da candidata classificada no Concurso P\u00fablico para provimento de vagas em cargo de n\u00edvel<br>superior, mais forma\u00e7\u00e3o de cadastro de reserva do quadro de pessoal<br>do CRESS-AC, conforme a seguir especificado.<br>AGENTE FISCAL &#8211; RIO BRANCO\/AC (C\u00d3DIGO 400)<br>Inscri\u00e7\u00e3o-Nome- Pontua\u00e7\u00e3o-Classifica\u00e7\u00e3o ampla concorr\u00eancia<br>525.01902939\/0; RHAIZA SANTOS ROSARIO; 75.50 , 1\u00ba<\/p><div class=\"wp-block-file\"><a href=\"http:\/\/www.cress-ac.org.br\/site\/wp-content\/uploads\/2022\/07\/2a-CONVOCACAO.pdf\"><strong>2\u00aa- CONVOCA\u00c7\u00c3O<\/strong><\/a><a href=\"http:\/\/www.cress-ac.org.br\/site\/wp-content\/uploads\/2022\/07\/2a-CONVOCACAO.pdf\" class=\"wp-block-file__button\" download>Baixar<\/a><\/div><p>CONCURSO P\u00daBLICO PARA PROVIMENTO DE VAGAS E FORMA\u00c7\u00c3O DE CADASTRO RESERVA<br>PARA CARGO DE N\u00cdVEL SUPERIOR<br>EDITAL DE CONVOCA\u00c7\u00c3O \u2013 ENTREGA DE DOCUMENTOS E POSSE<br>O Presidente do CONSELHO REGIONAL DE SERVI\u00c7O SOCIAL 26\u00aa<br>REGI\u00c3O- CRESS-AC, no uso de suas atribui\u00e7\u00f5es legais, torna p\u00fa-blica<br>a convoca\u00e7\u00e3o para a entrega de documentos e posse da candidata<br>classificada no Concurso P\u00fablico para provimento de vagas em cargo<br>de n\u00edvel superior, mais forma\u00e7\u00e3o de cadastro de reserva do quadro de<br>pessoal do CRESS-AC, conforme a seguir especificado.<br>AGENTE FISCAL &#8211; RIO BRANCO\/AC (C\u00d3DIGO 400)<br>Inscri\u00e7\u00e3o-Nome- Pontua\u00e7\u00e3o-Classifica\u00e7\u00e3o ampla concorr\u00eancia<br>525.01903592\/3; TAMILA SALES DOS SANTOS SAMPAIO; 70.50 , 2\u00ba<\/p>","protected":false},"excerpt":{"rendered":"<p>CONCURSO P\u00daBLICO PARA PROVIMENTO DE VAGAS E FORMA\u00c7\u00c3O DE CADASTRO RESERVA PARA CARGO DE N\u00cdVEL SUPERIOR EDITAL N\u00ba 1, DE 27 DE AGOSTO DE 2020 O Presidente do CONSELHO REGIONAL &#8230;<\/p>\n","protected":false},"author":1,"featured_media":2929,"parent":0,"menu_order":0,"comment_status":"closed","ping_status":"closed","template":"","meta":{"_EventAllDay":false,"_EventTimezone":"","_EventStartDate":"","_EventEndDate":"","_EventStartDateUTC":"","_EventEndDateUTC":"","_EventShowMap":false,"_EventShowMapLink":false,"_EventURL":"","_EventCost":"","_EventCostDescription":"","_EventCurrencySymbol":"","_EventCurrencyPosition":"","_EventDateTimeSeparator":"","_EventTimeRangeSeparator":"","_EventOrganizerID":[],"_EventVenueID":0,"_OrganizerEmail":"","_OrganizerPhone":"","_OrganizerWebsite":"","_VenueAddress":"","_VenueCity":"","_VenueCountry":"","_VenueProvince":"","_VenueZip":"","_VenuePhone":"","_VenueURL":"","_VenueStateProvince":"","_VenueLat":"","_VenueLng":"","footnotes":""},"class_list":["post-3209","page","type-page","status-publish","has-post-thumbnail","hentry"],"_links":{"self":[{"href":"https:\/\/www.cress-ac.org.br\/site\/wp-json\/wp\/v2\/pages\/3209","targetHints":{"allow":["GET"]}}],"collection":[{"href":"https:\/\/www.cress-ac.org.br\/site\/wp-json\/wp\/v2\/pages"}],"about":[{"href":"https:\/\/www.cress-ac.org.br\/site\/wp-json\/wp\/v2\/types\/page"}],"author":[{"embeddable":true,"href":"https:\/\/www.cress-ac.org.br\/site\/wp-json\/wp\/v2\/users\/1"}],"replies":[{"embeddable":true,"href":"https:\/\/www.cress-ac.org.br\/site\/wp-json\/wp\/v2\/comments?post=3209"}],"version-history":[{"count":5,"href":"https:\/\/www.cress-ac.org.br\/site\/wp-json\/wp\/v2\/pages\/3209\/revisions"}],"predecessor-version":[{"id":3568,"href":"https:\/\/www.cress-ac.org.br\/site\/wp-json\/wp\/v2\/pages\/3209\/revisions\/3568"}],"wp:featuredmedia":[{"embeddable":true,"href":"https:\/\/www.cress-ac.org.br\/site\/wp-json\/wp\/v2\/media\/2929"}],"wp:attachment":[{"href":"https:\/\/www.cress-ac.org.br\/site\/wp-json\/wp\/v2\/media?parent=3209"}],"curies":[{"name":"wp","href":"https:\/\/api.w.org\/{rel}","templated":true}]}}