{"id":3283,"date":"2021-03-26T22:12:53","date_gmt":"2021-03-26T22:12:53","guid":{"rendered":"http:\/\/www.cress-ac.org.br\/site\/?page_id=3283"},"modified":"2021-09-02T23:04:09","modified_gmt":"2021-09-02T23:04:09","slug":"calendario-de-atividades-2","status":"publish","type":"page","link":"https:\/\/www.cress-ac.org.br\/site\/calendario-de-atividades-2\/","title":{"rendered":"CALEND\u00c1RIO DE ATIVIDADES"},"content":{"rendered":"<p>Neste espa\u00e7o voc\u00ea encontra o calend\u00e1rio de atividades do CRES-AC, que inclui reuni\u00f5es, participa\u00e7\u00e3o e organiza\u00e7\u00e3o de eventos,\u00a0entre outros.<\/p><p>O calend\u00e1rio \u00e9 atualizado constantemente, \u00e0 medida que o CRESS-AC vai assumindo novos compromissos no decorrer do ano.&nbsp;<\/p><p>A disponibiliza\u00e7\u00e3o do Calend\u00e1rio de Atividades vai ao encontro da Lei de Acesso \u00e0 Informa\u00e7\u00e3o (Lei n\u00ba 12.527\/2011), que possibilita mais transpar\u00eancia n\u00e3o s\u00f3 nas contas p\u00fablicas, mas em todas as a\u00e7\u00f5es realizadas pelos \u00f3rg\u00e3os p\u00fablicos, e e reafirma o compromisso \u00e9tico-pol\u00edtico do CFESS com a categoria de assistentes sociais e com a sociedade civil.<\/p><p>Clique no link abaixo e confira nosso calend\u00e1rio na \u00edntegra!<\/p><p><\/p><div class=\"wp-block-file\"><a href=\"http:\/\/www.cress-ac.org.br\/site\/wp-content\/uploads\/2021\/09\/CALENDARIO-CRESS-AC-2021-1.pdf\">CALENDARIO DE ATIVIDADES -CRESS-AC-2021<\/a><a href=\"http:\/\/www.cress-ac.org.br\/site\/wp-content\/uploads\/2021\/09\/CALENDARIO-CRESS-AC-2021-1.pdf\" class=\"wp-block-file__button\" download>Baixar<\/a><\/div>","protected":false},"excerpt":{"rendered":"<p>Neste espa\u00e7o voc\u00ea encontra o calend\u00e1rio de atividades do CRES-AC, que inclui reuni\u00f5es, participa\u00e7\u00e3o e organiza\u00e7\u00e3o de eventos,\u00a0entre outros. O calend\u00e1rio \u00e9 atualizado constantemente, \u00e0 medida que o CRESS-AC vai &#8230;<\/p>\n","protected":false},"author":1,"featured_media":0,"parent":0,"menu_order":0,"comment_status":"closed","ping_status":"closed","template":"","meta":{"_EventAllDay":false,"_EventTimezone":"","_EventStartDate":"","_EventEndDate":"","_EventStartDateUTC":"","_EventEndDateUTC":"","_EventShowMap":false,"_EventShowMapLink":false,"_EventURL":"","_EventCost":"","_EventCostDescription":"","_EventCurrencySymbol":"","_EventCurrencyPosition":"","_EventDateTimeSeparator":"","_EventTimeRangeSeparator":"","_EventOrganizerID":[],"_EventVenueID":0,"_OrganizerEmail":"","_OrganizerPhone":"","_OrganizerWebsite":"","_VenueAddress":"","_VenueCity":"","_VenueCountry":"","_VenueProvince":"","_VenueZip":"","_VenuePhone":"","_VenueURL":"","_VenueStateProvince":"","_VenueLat":"","_VenueLng":"","footnotes":""},"class_list":["post-3283","page","type-page","status-publish","hentry"],"_links":{"self":[{"href":"https:\/\/www.cress-ac.org.br\/site\/wp-json\/wp\/v2\/pages\/3283","targetHints":{"allow":["GET"]}}],"collection":[{"href":"https:\/\/www.cress-ac.org.br\/site\/wp-json\/wp\/v2\/pages"}],"about":[{"href":"https:\/\/www.cress-ac.org.br\/site\/wp-json\/wp\/v2\/types\/page"}],"author":[{"embeddable":true,"href":"https:\/\/www.cress-ac.org.br\/site\/wp-json\/wp\/v2\/users\/1"}],"replies":[{"embeddable":true,"href":"https:\/\/www.cress-ac.org.br\/site\/wp-json\/wp\/v2\/comments?post=3283"}],"version-history":[{"count":2,"href":"https:\/\/www.cress-ac.org.br\/site\/wp-json\/wp\/v2\/pages\/3283\/revisions"}],"predecessor-version":[{"id":3495,"href":"https:\/\/www.cress-ac.org.br\/site\/wp-json\/wp\/v2\/pages\/3283\/revisions\/3495"}],"wp:attachment":[{"href":"https:\/\/www.cress-ac.org.br\/site\/wp-json\/wp\/v2\/media?parent=3283"}],"curies":[{"name":"wp","href":"https:\/\/api.w.org\/{rel}","templated":true}]}}