{"id":3366,"date":"2021-05-21T16:05:34","date_gmt":"2021-05-21T16:05:34","guid":{"rendered":"http:\/\/www.cress-ac.org.br\/site\/?page_id=3366"},"modified":"2021-08-26T18:57:47","modified_gmt":"2021-08-26T18:57:47","slug":"orientacao-e-fiscalizacao","status":"publish","type":"page","link":"https:\/\/www.cress-ac.org.br\/site\/orientacao-e-fiscalizacao\/","title":{"rendered":"Orienta\u00e7\u00e3o e Fiscaliza\u00e7\u00e3o"},"content":{"rendered":"<p>A Pol\u00edtica Nacional de Fiscaliza\u00e7\u00e3o constituiu-se num marco \u00e0 organiza\u00e7\u00e3o e condu\u00e7\u00e3o da fiscaliza\u00e7\u00e3o profissional no Servi\u00e7o Social. Visando \u00e0 sua efetiva\u00e7\u00e3o, de forma mais ampla e politizada, h\u00e1 a previs\u00e3o regimental de constitui\u00e7\u00e3o da Comiss\u00e3o de Orienta\u00e7\u00e3o e Fiscaliza\u00e7\u00e3o \u2013COFI no CFESS e em cada CRESS, respons\u00e1vel por organizar e coordenar as a\u00e7\u00f5es rotineiras\/administrativas inerentes \u00e0 fiscaliza\u00e7\u00e3o, via Servi\u00e7o de Fiscaliza\u00e7\u00e3o Profissional.<\/p><p><strong>Dimens\u00e3o pol\u00edtico-pedag\u00f3gica:<\/strong> compreende a ado\u00e7\u00e3o de procedimentos t\u00e9cnico-pol\u00edticos de orienta\u00e7\u00e3o e politiza\u00e7\u00e3o dos assistentes sociais, usu\u00e1rios, institui\u00e7\u00f5es e sociedade em geral, acerca dos princ\u00edpios e compromissos \u00e9tico-pol\u00edticos do Servi\u00e7o Social, na perspectiva da preven\u00e7\u00e3o contra a viola\u00e7\u00e3o da legisla\u00e7\u00e3o profissional.<\/p><p><strong>A\u00e7\u00f5es:\u00a0<\/strong>Atividades diversas da COFI e Setor de Fiscaliza\u00e7\u00e3o (atendimentos, eventos, reuni\u00f5es, visitas de rotina, de orienta\u00e7\u00e3o, preventivas), eventos em geral do Cress, materiais de comunica\u00e7\u00e3o, posicionamentos pol\u00edticos da dire\u00e7\u00e3o, etc.<\/p><p><strong>Dimens\u00e3o normativa e disciplinadora:<\/strong> abrange a\u00e7\u00f5es que possibilitem, a partir da aproxima\u00e7\u00e3o das particularidades s\u00f3cio institucionais, instituir bases e par\u00e2metros normativo-jur\u00eddicos reguladores do exerc\u00edcio profissional, coibindo, apurando e aplicando penalidades previstas no C\u00f3digo de \u00c9tica Profissional, em situa\u00e7\u00f5es que indiquem viola\u00e7\u00e3o da legisla\u00e7\u00e3o profissional.<\/p><p><strong>A\u00e7\u00f5es:\u00a0<\/strong>regulamenta\u00e7\u00e3o do exerc\u00edcio profissional (Lei de Regulamenta\u00e7\u00e3o, C\u00f3digo de \u00c9tica, resolu\u00e7\u00f5es, pareceres jur\u00eddicos); visitas diversas de averigua\u00e7\u00e3o, notifica\u00e7\u00f5es, Processo \u00c9tico, Processo Disciplinar, aplica\u00e7\u00e3o de multas, etc.<\/p>","protected":false},"excerpt":{"rendered":"<p>A Pol\u00edtica Nacional de Fiscaliza\u00e7\u00e3o constituiu-se num marco \u00e0 organiza\u00e7\u00e3o e condu\u00e7\u00e3o da fiscaliza\u00e7\u00e3o profissional no Servi\u00e7o Social. Visando \u00e0 sua efetiva\u00e7\u00e3o, de forma mais ampla e politizada, h\u00e1 a &#8230;<\/p>\n","protected":false},"author":1,"featured_media":0,"parent":0,"menu_order":0,"comment_status":"closed","ping_status":"closed","template":"","meta":{"_EventAllDay":false,"_EventTimezone":"","_EventStartDate":"","_EventEndDate":"","_EventStartDateUTC":"","_EventEndDateUTC":"","_EventShowMap":false,"_EventShowMapLink":false,"_EventURL":"","_EventCost":"","_EventCostDescription":"","_EventCurrencySymbol":"","_EventCurrencyPosition":"","_EventDateTimeSeparator":"","_EventTimeRangeSeparator":"","_EventOrganizerID":[],"_EventVenueID":0,"_OrganizerEmail":"","_OrganizerPhone":"","_OrganizerWebsite":"","_VenueAddress":"","_VenueCity":"","_VenueCountry":"","_VenueProvince":"","_VenueZip":"","_VenuePhone":"","_VenueURL":"","_VenueStateProvince":"","_VenueLat":"","_VenueLng":"","footnotes":""},"class_list":["post-3366","page","type-page","status-publish","hentry"],"_links":{"self":[{"href":"https:\/\/www.cress-ac.org.br\/site\/wp-json\/wp\/v2\/pages\/3366","targetHints":{"allow":["GET"]}}],"collection":[{"href":"https:\/\/www.cress-ac.org.br\/site\/wp-json\/wp\/v2\/pages"}],"about":[{"href":"https:\/\/www.cress-ac.org.br\/site\/wp-json\/wp\/v2\/types\/page"}],"author":[{"embeddable":true,"href":"https:\/\/www.cress-ac.org.br\/site\/wp-json\/wp\/v2\/users\/1"}],"replies":[{"embeddable":true,"href":"https:\/\/www.cress-ac.org.br\/site\/wp-json\/wp\/v2\/comments?post=3366"}],"version-history":[{"count":3,"href":"https:\/\/www.cress-ac.org.br\/site\/wp-json\/wp\/v2\/pages\/3366\/revisions"}],"predecessor-version":[{"id":3443,"href":"https:\/\/www.cress-ac.org.br\/site\/wp-json\/wp\/v2\/pages\/3366\/revisions\/3443"}],"wp:attachment":[{"href":"https:\/\/www.cress-ac.org.br\/site\/wp-json\/wp\/v2\/media?parent=3366"}],"curies":[{"name":"wp","href":"https:\/\/api.w.org\/{rel}","templated":true}]}}