{"id":3370,"date":"2021-05-21T16:34:34","date_gmt":"2021-05-21T16:34:34","guid":{"rendered":"http:\/\/www.cress-ac.org.br\/site\/?page_id=3370"},"modified":"2021-08-26T18:59:57","modified_gmt":"2021-08-26T18:59:57","slug":"fiscalizacao-profissional-4","status":"publish","type":"page","link":"https:\/\/www.cress-ac.org.br\/site\/fiscalizacao-profissional-4\/","title":{"rendered":"Fiscaliza\u00e7\u00e3o Profissional"},"content":{"rendered":"<p>Informamos que o Setor de\u00a0 Fiscaliza\u00e7\u00e3o atende (durante o per\u00edodo em que o atendimento permanecer remoto) pelo email:\u00a0<a href=\"mailto:fiscalizacaocressac@gmail.com\">fiscalizacaocressac@gmail.com<\/a>\u00a0<\/p><p>As visitas da Fiscaliza\u00e7\u00e3o objetivam especialmente:<\/p><ul class=\"wp-block-list\"><li>Orientar com base na legisla\u00e7\u00e3o, garantindo a legalidade do exerc\u00edcio profissional;<\/li><li>Garantir espa\u00e7o de divulga\u00e7\u00e3o dos instrumentos legais e pol\u00edticos da profiss\u00e3o;<\/li><li>Esclarecer o papel e compet\u00eancias do CRESS;<\/li><li>Prevenir situa\u00e7\u00f5es de exerc\u00edcio ilegal, irregular, infra\u00e7\u00e3o disciplinar e \u00e9tica, dentre outros;<\/li><li>Orientar os empregadores quanto \u00e0s exig\u00eancias legais para contrata\u00e7\u00e3o de assistentes sociais e estagi\u00e1rios;<\/li><li>Abordar quest\u00f5es do trabalho profissional;<\/li><li>Discutir e publicizar as a\u00e7\u00f5es do conselho;<\/li><li>Mobilizar a categoria para as atividades do conselho e relacionadas aos direitos.<\/li><\/ul>","protected":false},"excerpt":{"rendered":"<p>Informamos que o Setor de\u00a0 Fiscaliza\u00e7\u00e3o atende (durante o per\u00edodo em que o atendimento permanecer remoto) pelo email:\u00a0fiscalizacaocressac@gmail.com\u00a0 As visitas da Fiscaliza\u00e7\u00e3o objetivam especialmente: Orientar com base na legisla\u00e7\u00e3o, garantindo &#8230;<\/p>\n","protected":false},"author":1,"featured_media":0,"parent":0,"menu_order":0,"comment_status":"closed","ping_status":"closed","template":"","meta":{"_EventAllDay":false,"_EventTimezone":"","_EventStartDate":"","_EventEndDate":"","_EventStartDateUTC":"","_EventEndDateUTC":"","_EventShowMap":false,"_EventShowMapLink":false,"_EventURL":"","_EventCost":"","_EventCostDescription":"","_EventCurrencySymbol":"","_EventCurrencyPosition":"","_EventDateTimeSeparator":"","_EventTimeRangeSeparator":"","_EventOrganizerID":[],"_EventVenueID":0,"_OrganizerEmail":"","_OrganizerPhone":"","_OrganizerWebsite":"","_VenueAddress":"","_VenueCity":"","_VenueCountry":"","_VenueProvince":"","_VenueZip":"","_VenuePhone":"","_VenueURL":"","_VenueStateProvince":"","_VenueLat":"","_VenueLng":"","footnotes":""},"class_list":["post-3370","page","type-page","status-publish","hentry"],"_links":{"self":[{"href":"https:\/\/www.cress-ac.org.br\/site\/wp-json\/wp\/v2\/pages\/3370","targetHints":{"allow":["GET"]}}],"collection":[{"href":"https:\/\/www.cress-ac.org.br\/site\/wp-json\/wp\/v2\/pages"}],"about":[{"href":"https:\/\/www.cress-ac.org.br\/site\/wp-json\/wp\/v2\/types\/page"}],"author":[{"embeddable":true,"href":"https:\/\/www.cress-ac.org.br\/site\/wp-json\/wp\/v2\/users\/1"}],"replies":[{"embeddable":true,"href":"https:\/\/www.cress-ac.org.br\/site\/wp-json\/wp\/v2\/comments?post=3370"}],"version-history":[{"count":3,"href":"https:\/\/www.cress-ac.org.br\/site\/wp-json\/wp\/v2\/pages\/3370\/revisions"}],"predecessor-version":[{"id":3445,"href":"https:\/\/www.cress-ac.org.br\/site\/wp-json\/wp\/v2\/pages\/3370\/revisions\/3445"}],"wp:attachment":[{"href":"https:\/\/www.cress-ac.org.br\/site\/wp-json\/wp\/v2\/media?parent=3370"}],"curies":[{"name":"wp","href":"https:\/\/api.w.org\/{rel}","templated":true}]}}