{"id":3373,"date":"2021-05-21T16:34:34","date_gmt":"2021-05-21T16:34:34","guid":{"rendered":"http:\/\/www.cress-ac.org.br\/site\/?page_id=3373"},"modified":"2021-08-26T19:02:46","modified_gmt":"2021-08-26T19:02:46","slug":"duvidas-sobre-o-exercicio-profissional","status":"publish","type":"page","link":"https:\/\/www.cress-ac.org.br\/site\/duvidas-sobre-o-exercicio-profissional\/","title":{"rendered":"D\u00favidas e Esclarecimentos"},"content":{"rendered":"<p>A Fiscaliza\u00e7\u00e3o \u00e9 respons\u00e1vel por:<\/p><ul class=\"wp-block-list\"><li>Recebimento de Den\u00fancias \u00c9ticas;<\/li><\/ul><ul class=\"wp-block-list\"><li>Realiza\u00e7\u00e3o de orienta\u00e7\u00f5es aos profissionais, estagi\u00e1rios, alunos, institui\u00e7\u00f5es e outros;<\/li><\/ul><ul class=\"wp-block-list\"><li>Recebimento de solicita\u00e7\u00f5es de Desagravo P\u00fablico: o pedido de Desagravo P\u00fablico \u00e9 um direito do assistente social que tenha sido ofendido em sua honra profissional ou que deixou de ser respeitado em seus direitos e prerrogativas previstas nas al\u00edneas \u201ca\u201d, \u201cb\u201d, \u201cc\u201d, \u201cd\u201d, \u201cf\u201d, \u201cg\u201d, \u201ch\u201d e \u201ci\u201d do Artigo 2\u00ba do C\u00f3digo de \u00c9tica Profissional; \u00e9 regulamentado pela resolu\u00e7\u00e3o CFESS N\u00ba 443\/03.<\/li><\/ul><ul class=\"wp-block-list\"><li>Acompanhamento de Concursos P\u00fablicos: na perspectiva do cumprimento ao que \u00e9 previsto, no que diz respeito ao exerc\u00edcio profissional, na Lei de Regulamenta\u00e7\u00e3o da Profiss\u00e3o &#8211; Lei Federal n\u00ba 8.662\/93, e especificamente o que estabelece o seu art. 5\u00ba: Constituem atribui\u00e7\u00f5es privativas do Assistente Social: IX \u2013 Elaborar provas, presidir e compor bancas de exames e comiss\u00f5es julgadoras de concursos ou outras formas de sele\u00e7\u00e3o para assistentes sociais, ou onde sejam aferidos conhecimentos inerentes ao Servi\u00e7o Social;<\/li><\/ul><ul class=\"wp-block-list\"><li>Acompanhamento de Campos de Est\u00e1gio: o credenciamento dos campos de est\u00e1gio nos Cress;<\/li><\/ul><ul class=\"wp-block-list\"><li>Realiza\u00e7\u00e3o de Visitas: a principal a\u00e7\u00e3o do Conselho consiste na realiza\u00e7\u00e3o das visitas de fiscaliza\u00e7\u00e3o, uma vez que propiciam o contato, in loco, com as pessoas que demandam a sua atua\u00e7\u00e3o ou os sujeitos\/institui\u00e7\u00f5es objeto das interven\u00e7\u00f5es;<\/li><\/ul><p>Qualquer visita pode ser demandada pela categoria, pelos empregadores, usu\u00e1rios e outras pessoas que tenham conhecimento de situa\u00e7\u00f5es com ind\u00edcios de irregularidades.<\/p>","protected":false},"excerpt":{"rendered":"<p>A Fiscaliza\u00e7\u00e3o \u00e9 respons\u00e1vel por: Recebimento de Den\u00fancias \u00c9ticas; Realiza\u00e7\u00e3o de orienta\u00e7\u00f5es aos profissionais, estagi\u00e1rios, alunos, institui\u00e7\u00f5es e outros; Recebimento de solicita\u00e7\u00f5es de Desagravo P\u00fablico: o pedido de Desagravo P\u00fablico &#8230;<\/p>\n","protected":false},"author":1,"featured_media":0,"parent":0,"menu_order":0,"comment_status":"closed","ping_status":"closed","template":"","meta":{"_EventAllDay":false,"_EventTimezone":"","_EventStartDate":"","_EventEndDate":"","_EventStartDateUTC":"","_EventEndDateUTC":"","_EventShowMap":false,"_EventShowMapLink":false,"_EventURL":"","_EventCost":"","_EventCostDescription":"","_EventCurrencySymbol":"","_EventCurrencyPosition":"","_EventDateTimeSeparator":"","_EventTimeRangeSeparator":"","_EventOrganizerID":[],"_EventVenueID":0,"_OrganizerEmail":"","_OrganizerPhone":"","_OrganizerWebsite":"","_VenueAddress":"","_VenueCity":"","_VenueCountry":"","_VenueProvince":"","_VenueZip":"","_VenuePhone":"","_VenueURL":"","_VenueStateProvince":"","_VenueLat":"","_VenueLng":"","footnotes":""},"class_list":["post-3373","page","type-page","status-publish","hentry"],"_links":{"self":[{"href":"https:\/\/www.cress-ac.org.br\/site\/wp-json\/wp\/v2\/pages\/3373","targetHints":{"allow":["GET"]}}],"collection":[{"href":"https:\/\/www.cress-ac.org.br\/site\/wp-json\/wp\/v2\/pages"}],"about":[{"href":"https:\/\/www.cress-ac.org.br\/site\/wp-json\/wp\/v2\/types\/page"}],"author":[{"embeddable":true,"href":"https:\/\/www.cress-ac.org.br\/site\/wp-json\/wp\/v2\/users\/1"}],"replies":[{"embeddable":true,"href":"https:\/\/www.cress-ac.org.br\/site\/wp-json\/wp\/v2\/comments?post=3373"}],"version-history":[{"count":3,"href":"https:\/\/www.cress-ac.org.br\/site\/wp-json\/wp\/v2\/pages\/3373\/revisions"}],"predecessor-version":[{"id":3447,"href":"https:\/\/www.cress-ac.org.br\/site\/wp-json\/wp\/v2\/pages\/3373\/revisions\/3447"}],"wp:attachment":[{"href":"https:\/\/www.cress-ac.org.br\/site\/wp-json\/wp\/v2\/media?parent=3373"}],"curies":[{"name":"wp","href":"https:\/\/api.w.org\/{rel}","templated":true}]}}