{"id":3374,"date":"2021-05-21T16:34:34","date_gmt":"2021-05-21T16:34:34","guid":{"rendered":"http:\/\/www.cress-ac.org.br\/site\/?page_id=3374"},"modified":"2021-08-26T19:04:00","modified_gmt":"2021-08-26T19:04:00","slug":"credenciamento-de-estagio-2","status":"publish","type":"page","link":"https:\/\/www.cress-ac.org.br\/site\/credenciamento-de-estagio-2\/","title":{"rendered":"Credenciamento de Est\u00e1gio"},"content":{"rendered":"<p>Conforme a Resolu\u00e7\u00e3o CFESS n\u00ba 533\/08:<\/p><p>Art. 1\u00ba. As Unidades de Ensino, por meio dos coordenadores de curso, coordenadores de est\u00e1gio e\/ou outro profissional de servi\u00e7o social respons\u00e1vel nas respectivas institui\u00e7\u00f5es pela abertura de campo de est\u00e1gio, obrigat\u00f3rio e n\u00e3o obrigat\u00f3rio, em conformidade com a exig\u00eancia determinada pelo artigo 14 da Lei 8662\/1993, ter\u00e3o prazo de 30 (trinta) dias, a partir do in\u00edcio de cada semestre letivo, para encaminhar aos Conselhos Regionais de Servi\u00e7o Social de sua jurisdi\u00e7\u00e3o, comunica\u00e7\u00e3o formal e escrita, indicando:<\/p><p>I- Campos credenciados, bem como seus respectivos endere\u00e7os e contatos;<\/p><p>II- Nome e n\u00famero de registro no CRESS dos profissionais respons\u00e1veis pela supervis\u00e3o acad\u00eamica e de campo;<\/p><p>III- Nome do estagi\u00e1rio e semestre em que est\u00e1 matriculado.<\/p><p>Par\u00e1grafo 1\u00ba. Para efeito desta Resolu\u00e7\u00e3o, considera-se est\u00e1gio curricular obrigat\u00f3rio o estabelecido nas diretrizes curriculares da ABEPSS e no Parecer CNE\/CES 15\/2002, que dever\u00e1 constar no projeto pedag\u00f3gico e na pol\u00edtica de est\u00e1gio da institui\u00e7\u00e3o de ensino superior, de forma a garantir maior qualidade \u00e0 forma\u00e7\u00e3o profissional.<\/p>","protected":false},"excerpt":{"rendered":"<p>Conforme a Resolu\u00e7\u00e3o CFESS n\u00ba 533\/08: Art. 1\u00ba. As Unidades de Ensino, por meio dos coordenadores de curso, coordenadores de est\u00e1gio e\/ou outro profissional de servi\u00e7o social respons\u00e1vel nas respectivas &#8230;<\/p>\n","protected":false},"author":1,"featured_media":0,"parent":0,"menu_order":0,"comment_status":"closed","ping_status":"closed","template":"","meta":{"_EventAllDay":false,"_EventTimezone":"","_EventStartDate":"","_EventEndDate":"","_EventStartDateUTC":"","_EventEndDateUTC":"","_EventShowMap":false,"_EventShowMapLink":false,"_EventURL":"","_EventCost":"","_EventCostDescription":"","_EventCurrencySymbol":"","_EventCurrencyPosition":"","_EventDateTimeSeparator":"","_EventTimeRangeSeparator":"","_EventOrganizerID":[],"_EventVenueID":0,"_OrganizerEmail":"","_OrganizerPhone":"","_OrganizerWebsite":"","_VenueAddress":"","_VenueCity":"","_VenueCountry":"","_VenueProvince":"","_VenueZip":"","_VenuePhone":"","_VenueURL":"","_VenueStateProvince":"","_VenueLat":"","_VenueLng":"","footnotes":""},"class_list":["post-3374","page","type-page","status-publish","hentry"],"_links":{"self":[{"href":"https:\/\/www.cress-ac.org.br\/site\/wp-json\/wp\/v2\/pages\/3374","targetHints":{"allow":["GET"]}}],"collection":[{"href":"https:\/\/www.cress-ac.org.br\/site\/wp-json\/wp\/v2\/pages"}],"about":[{"href":"https:\/\/www.cress-ac.org.br\/site\/wp-json\/wp\/v2\/types\/page"}],"author":[{"embeddable":true,"href":"https:\/\/www.cress-ac.org.br\/site\/wp-json\/wp\/v2\/users\/1"}],"replies":[{"embeddable":true,"href":"https:\/\/www.cress-ac.org.br\/site\/wp-json\/wp\/v2\/comments?post=3374"}],"version-history":[{"count":3,"href":"https:\/\/www.cress-ac.org.br\/site\/wp-json\/wp\/v2\/pages\/3374\/revisions"}],"predecessor-version":[{"id":3449,"href":"https:\/\/www.cress-ac.org.br\/site\/wp-json\/wp\/v2\/pages\/3374\/revisions\/3449"}],"wp:attachment":[{"href":"https:\/\/www.cress-ac.org.br\/site\/wp-json\/wp\/v2\/media?parent=3374"}],"curies":[{"name":"wp","href":"https:\/\/api.w.org\/{rel}","templated":true}]}}