{"id":3377,"date":"2021-05-21T16:34:34","date_gmt":"2021-05-21T16:34:34","guid":{"rendered":"http:\/\/www.cress-ac.org.br\/site\/?page_id=3377"},"modified":"2022-02-07T16:04:04","modified_gmt":"2022-02-07T16:04:04","slug":"pedido-de-desagravo-publico-2","status":"publish","type":"page","link":"https:\/\/www.cress-ac.org.br\/site\/pedido-de-desagravo-publico-2\/","title":{"rendered":"Pedido de Desagravo P\u00fablico"},"content":{"rendered":"<p>Desagravar publicamente significa que o CRESS\/AC poder\u00e1, ap\u00f3s aprova\u00e7\u00e3o do Conselho Pleno, reparar a ofensa publicamente dirigida ao\/\u00e0 profissional ou \u00e0 profiss\u00e3o (cujo fato tenha ci\u00eancia por v\u00e1rias pessoas capazes de confirmar as alega\u00e7\u00f5es), mediante discurso apropriado e seguido de debate com os presentes.&nbsp;Os\/As denunciantes devem formalizar o pedido, preenchendo o&nbsp;Formul\u00e1rio de DESAGRAVO P\u00daBLICO&nbsp;e protocolar formalmente na Sede do Conselho.<\/p><p>Se tais fatos indicarem Assistentes Sociais como ofensores\/as, N\u00c3O cabe o pedido de Desagravo P\u00fablico e sim uma den\u00fancia \u00e9tica, conforme orienta\u00e7\u00f5es na aba anterior.<\/p><p>A&nbsp;<a href=\"http:\/\/www.cfess.org.br\/arquivos\/resolucao_443_03.pdf\">Resolu\u00e7\u00e3o Cfess n\u00ba 443\/2003<\/a>&nbsp;institui os procedimentos para a realiza\u00e7\u00e3o de Desagravo P\u00fablico. A representa\u00e7\u00e3o dever\u00e1 ser apresentada por escrito, contendo a descri\u00e7\u00e3o detalhada dos fatos e as provas documentais ou de outra natureza, com identifica\u00e7\u00e3o e contato das partes envolvidas e assinatura dos\/as requerentes.<\/p><p>E-mail da Fiscaliza\u00e7\u00e3o: fiscalizacao@cress-ac.org<\/p><div class=\"wp-block-file\"><a href=\"http:\/\/www.cress-ac.org.br\/site\/wp-content\/uploads\/2021\/08\/FORMULARIO-DE-DENUNCIA-DESAGRAVO-PUBLICO.docx\">FORMULARIO-DE-DENUNCIA-DESAGRAVO-PUBLICO<\/a><a href=\"http:\/\/www.cress-ac.org.br\/site\/wp-content\/uploads\/2021\/08\/FORMULARIO-DE-DENUNCIA-DESAGRAVO-PUBLICO.docx\" class=\"wp-block-file__button\" download>Baixar<\/a><\/div><p>Endere\u00e7o: Rua Conquista, n\u00ba 460, Geraldo Fleming, CEP- 69918-864 \u2013 Rio Branco-AC Fone: (68) 99916-2426 (whatsapp)<\/p>","protected":false},"excerpt":{"rendered":"<p>Desagravar publicamente significa que o CRESS\/AC poder\u00e1, ap\u00f3s aprova\u00e7\u00e3o do Conselho Pleno, reparar a ofensa publicamente dirigida ao\/\u00e0 profissional ou \u00e0 profiss\u00e3o (cujo fato tenha ci\u00eancia por v\u00e1rias pessoas capazes &#8230;<\/p>\n","protected":false},"author":1,"featured_media":0,"parent":0,"menu_order":0,"comment_status":"closed","ping_status":"closed","template":"","meta":{"_EventAllDay":false,"_EventTimezone":"","_EventStartDate":"","_EventEndDate":"","_EventStartDateUTC":"","_EventEndDateUTC":"","_EventShowMap":false,"_EventShowMapLink":false,"_EventURL":"","_EventCost":"","_EventCostDescription":"","_EventCurrencySymbol":"","_EventCurrencyPosition":"","_EventDateTimeSeparator":"","_EventTimeRangeSeparator":"","_EventOrganizerID":[],"_EventVenueID":0,"_OrganizerEmail":"","_OrganizerPhone":"","_OrganizerWebsite":"","_VenueAddress":"","_VenueCity":"","_VenueCountry":"","_VenueProvince":"","_VenueZip":"","_VenuePhone":"","_VenueURL":"","_VenueStateProvince":"","_VenueLat":"","_VenueLng":"","footnotes":""},"class_list":["post-3377","page","type-page","status-publish","hentry"],"_links":{"self":[{"href":"https:\/\/www.cress-ac.org.br\/site\/wp-json\/wp\/v2\/pages\/3377","targetHints":{"allow":["GET"]}}],"collection":[{"href":"https:\/\/www.cress-ac.org.br\/site\/wp-json\/wp\/v2\/pages"}],"about":[{"href":"https:\/\/www.cress-ac.org.br\/site\/wp-json\/wp\/v2\/types\/page"}],"author":[{"embeddable":true,"href":"https:\/\/www.cress-ac.org.br\/site\/wp-json\/wp\/v2\/users\/1"}],"replies":[{"embeddable":true,"href":"https:\/\/www.cress-ac.org.br\/site\/wp-json\/wp\/v2\/comments?post=3377"}],"version-history":[{"count":6,"href":"https:\/\/www.cress-ac.org.br\/site\/wp-json\/wp\/v2\/pages\/3377\/revisions"}],"predecessor-version":[{"id":3516,"href":"https:\/\/www.cress-ac.org.br\/site\/wp-json\/wp\/v2\/pages\/3377\/revisions\/3516"}],"wp:attachment":[{"href":"https:\/\/www.cress-ac.org.br\/site\/wp-json\/wp\/v2\/media?parent=3377"}],"curies":[{"name":"wp","href":"https:\/\/api.w.org\/{rel}","templated":true}]}}