{"id":3378,"date":"2021-05-21T16:34:34","date_gmt":"2021-05-21T16:34:34","guid":{"rendered":"http:\/\/www.cress-ac.org.br\/site\/?page_id=3378"},"modified":"2022-02-07T16:00:48","modified_gmt":"2022-02-07T16:00:48","slug":"outras-denuncias-2","status":"publish","type":"page","link":"https:\/\/www.cress-ac.org.br\/site\/outras-denuncias-2\/","title":{"rendered":"Outras Den\u00fancias"},"content":{"rendered":"<p>O Setor de Fiscaliza\u00e7\u00e3o do CRESS\/AC atualmente est\u00e1 atendendo em regime de teletrabalho.<\/p><p>Assim, as comunica\u00e7\u00f5es que envolvam den\u00fancias \u00e9ticas, exerc\u00edcio ilegal da profiss\u00e3o, condi\u00e7\u00f5es inadequadas de trabalho, pedidos de desagravo e as variadas irregularidades no Servi\u00e7o Social,\u00a0<strong>devem ser remetidas ao e-mail<\/strong>: <a href=\"mailto:fiscalizacaocressac@gmail.com\">fiscalizacao@cress-ac.org<\/a> ou use o formul\u00e1rio abaixo para entrar em contato direto com a Fiscaliza\u00e7\u00e3o.<\/p><div class=\"wpforms-container wpforms-container-full\" id=\"wpforms-3463\"><form id=\"wpforms-form-3463\" class=\"wpforms-validate wpforms-form\" data-formid=\"3463\" method=\"post\" enctype=\"multipart\/form-data\" action=\"\/site\/wp-json\/wp\/v2\/pages\/3378\" data-token=\"b0133c46df32ee16d7e93c89251c794a\"><noscript class=\"wpforms-error-noscript\">Ative o JavaScript no seu navegador para preencher este formul\u00e1rio.<\/noscript><div class=\"wpforms-field-container\"><div id=\"wpforms-3463-field_1-container\" class=\"wpforms-field wpforms-field-name\" data-field-id=\"1\"><label class=\"wpforms-field-label\" for=\"wpforms-3463-field_1\">Nome <span class=\"wpforms-required-label\">*<\/span><\/label><input type=\"text\" id=\"wpforms-3463-field_1\" class=\"wpforms-field-medium wpforms-field-required\" name=\"wpforms[fields][1]\" required><\/div><div id=\"wpforms-3463-field_8-container\" class=\"wpforms-field wpforms-field-checkbox\" data-field-id=\"8\"><label class=\"wpforms-field-label\" for=\"wpforms-3463-field_8\">Caixas de marca\u00e7\u00e3o<\/label><ul id=\"wpforms-3463-field_8\"><li class=\"choice-1 depth-1\"><input type=\"checkbox\" id=\"wpforms-3463-field_8_1\" name=\"wpforms[fields][8][]\" value=\"Pessoa F\u00edsica\"  ><label class=\"wpforms-field-label-inline\" for=\"wpforms-3463-field_8_1\">Pessoa F\u00edsica<\/label><\/li><li class=\"choice-2 depth-1\"><input type=\"checkbox\" id=\"wpforms-3463-field_8_2\" name=\"wpforms[fields][8][]\" value=\"Profissional\"  ><label class=\"wpforms-field-label-inline\" for=\"wpforms-3463-field_8_2\">Profissional<\/label><\/li><\/ul><\/div><div id=\"wpforms-3463-field_3-container\" class=\"wpforms-field wpforms-field-text\" data-field-id=\"3\"><label class=\"wpforms-field-label\" for=\"wpforms-3463-field_3\">Cidade <span class=\"wpforms-required-label\">*<\/span><\/label><input type=\"text\" id=\"wpforms-3463-field_3\" class=\"wpforms-field-medium wpforms-field-required\" name=\"wpforms[fields][3]\" required><\/div><div id=\"wpforms-3463-field_5-container\" class=\"wpforms-field wpforms-field-text\" data-field-id=\"5\"><label class=\"wpforms-field-label\" for=\"wpforms-3463-field_5\">Estado <span class=\"wpforms-required-label\">*<\/span><\/label><input type=\"text\" id=\"wpforms-3463-field_5\" class=\"wpforms-field-medium wpforms-field-required\" name=\"wpforms[fields][5]\" required><\/div><div id=\"wpforms-3463-field_6-container\" class=\"wpforms-field wpforms-field-text\" data-field-id=\"6\"><label class=\"wpforms-field-label\" for=\"wpforms-3463-field_6\">Telefone com DDD <span class=\"wpforms-required-label\">*<\/span><\/label><input type=\"text\" id=\"wpforms-3463-field_6\" class=\"wpforms-field-medium wpforms-field-required\" name=\"wpforms[fields][6]\" required><\/div><div id=\"wpforms-3463-field_7-container\" class=\"wpforms-field wpforms-field-email\" data-field-id=\"7\"><label class=\"wpforms-field-label\" for=\"wpforms-3463-field_7\">E-mail <span class=\"wpforms-required-label\">*<\/span><\/label><input type=\"email\" id=\"wpforms-3463-field_7\" class=\"wpforms-field-medium wpforms-field-required\" name=\"wpforms[fields][7]\" required><\/div><div id=\"wpforms-3463-field_9-container\" class=\"wpforms-field wpforms-field-text\" data-field-id=\"9\"><label class=\"wpforms-field-label\" for=\"wpforms-3463-field_9\">Mensagem <span class=\"wpforms-required-label\">*<\/span><\/label><input type=\"text\" id=\"wpforms-3463-field_9\" class=\"wpforms-field-medium wpforms-field-required\" name=\"wpforms[fields][9]\" required><\/div><\/div><div class=\"wpforms-submit-container\" ><input type=\"hidden\" name=\"wpforms[id]\" value=\"3463\"><input type=\"hidden\" name=\"wpforms[author]\" value=\"1\"><button type=\"submit\" name=\"wpforms[submit]\" class=\"wpforms-submit \" id=\"wpforms-submit-3463\" value=\"wpforms-submit\" aria-live=\"assertive\" data-alt-text=\"Enviando...\" data-submit-text=\"Enviar\">Enviar<\/button><\/div><\/form><\/div>  <!-- .wpforms-container -->","protected":false},"excerpt":{"rendered":"<p>O Setor de Fiscaliza\u00e7\u00e3o do CRESS\/AC atualmente est\u00e1 atendendo em regime de teletrabalho. Assim, as comunica\u00e7\u00f5es que envolvam den\u00fancias \u00e9ticas, exerc\u00edcio ilegal da profiss\u00e3o, condi\u00e7\u00f5es inadequadas de trabalho, pedidos de &#8230;<\/p>\n","protected":false},"author":1,"featured_media":0,"parent":0,"menu_order":0,"comment_status":"closed","ping_status":"closed","template":"","meta":{"_EventAllDay":false,"_EventTimezone":"","_EventStartDate":"","_EventEndDate":"","_EventStartDateUTC":"","_EventEndDateUTC":"","_EventShowMap":false,"_EventShowMapLink":false,"_EventURL":"","_EventCost":"","_EventCostDescription":"","_EventCurrencySymbol":"","_EventCurrencyPosition":"","_EventDateTimeSeparator":"","_EventTimeRangeSeparator":"","_EventOrganizerID":[],"_EventVenueID":0,"_OrganizerEmail":"","_OrganizerPhone":"","_OrganizerWebsite":"","_VenueAddress":"","_VenueCity":"","_VenueCountry":"","_VenueProvince":"","_VenueZip":"","_VenuePhone":"","_VenueURL":"","_VenueStateProvince":"","_VenueLat":"","_VenueLng":"","footnotes":""},"class_list":["post-3378","page","type-page","status-publish","hentry"],"_links":{"self":[{"href":"https:\/\/www.cress-ac.org.br\/site\/wp-json\/wp\/v2\/pages\/3378","targetHints":{"allow":["GET"]}}],"collection":[{"href":"https:\/\/www.cress-ac.org.br\/site\/wp-json\/wp\/v2\/pages"}],"about":[{"href":"https:\/\/www.cress-ac.org.br\/site\/wp-json\/wp\/v2\/types\/page"}],"author":[{"embeddable":true,"href":"https:\/\/www.cress-ac.org.br\/site\/wp-json\/wp\/v2\/users\/1"}],"replies":[{"embeddable":true,"href":"https:\/\/www.cress-ac.org.br\/site\/wp-json\/wp\/v2\/comments?post=3378"}],"version-history":[{"count":5,"href":"https:\/\/www.cress-ac.org.br\/site\/wp-json\/wp\/v2\/pages\/3378\/revisions"}],"predecessor-version":[{"id":3515,"href":"https:\/\/www.cress-ac.org.br\/site\/wp-json\/wp\/v2\/pages\/3378\/revisions\/3515"}],"wp:attachment":[{"href":"https:\/\/www.cress-ac.org.br\/site\/wp-json\/wp\/v2\/media?parent=3378"}],"curies":[{"name":"wp","href":"https:\/\/api.w.org\/{rel}","templated":true}]}}