{"id":3453,"date":"2021-08-26T19:10:53","date_gmt":"2021-08-26T19:10:53","guid":{"rendered":"http:\/\/www.cress-ac.org.br\/site\/?page_id=3453"},"modified":"2022-02-07T15:59:17","modified_gmt":"2022-02-07T15:59:17","slug":"denuncia-etica-3","status":"publish","type":"page","link":"https:\/\/www.cress-ac.org.br\/site\/denuncia-etica-3\/","title":{"rendered":"Den\u00fancia \u00c9tica"},"content":{"rendered":"<p>As den\u00fancias \u00e9ticas est\u00e3o relacionadas a ind\u00edcios de conduta profissional inadequada, por Assistentes Sociais (descumprimento aos princ\u00edpios e artigos do C\u00f3digo de \u00c9tica Profissional \u2013&nbsp;<a href=\"http:\/\/www.cfess.org.br\/arquivos\/CEP_CFESS-SITE.pdf\" target=\"_blank\" rel=\"noreferrer noopener\">Resolu\u00e7\u00e3o CFESS n\u00ba 273\/2009<\/a>), cuja processualidade busca restabelecer um direito violado. Podem ser formalizadas por qualquer pessoa envolvida diretamente ou que tenha conhecimento de poss\u00edveis infra\u00e7\u00f5es \u00e9ticas.<\/p><p>Informamos tamb\u00e9m que com base&nbsp;<a href=\"http:\/\/www.cfess.org.br\/arquivos\/ResolucaoCfess940-2020.pdf\">Resolu\u00e7\u00e3o N\u00ba 940\/2020<\/a>&nbsp;do Conselho Federal de Servi\u00e7o Social, os prazos de processos disciplinares \u00e9ticos est\u00e3o suspensos. As reuni\u00f5es da Comiss\u00e3o Permanente de \u00c9tica (CPE) para an\u00e1lise de den\u00fancias recebidas continuam ocorrendo por meio virtual.<\/p><p>A den\u00fancia ser\u00e1 apreciada pela Comiss\u00e3o Permanente de \u00c9tica, que emitir\u00e1 um parecer, deliberado pela dire\u00e7\u00e3o estadual. Sendo considerada procedente, ser\u00e1 aberto um Processo Disciplinar \u00c9tico, passando a ser instru\u00eddo por uma Comiss\u00e3o de Instru\u00e7\u00e3o (formada por assistentes sociais), com acompanhamento da Secretaria e orienta\u00e7\u00e3o da assessoria jur\u00eddica do CRESS\/AC.<\/p><p>As partes (denunciado e denunciante) s\u00e3o informadas sobre o registro da den\u00fancia e o seu andamento processual. Se houver necessidade de outras informa\u00e7\u00f5es acerca dos tr\u00e2mites processuais, devem fazer contato com a Fiscaliza\u00e7\u00e3o ou com os funcion\u00e1rios do CRESS\/AC.<\/p><p>Neste per\u00edodo, o encaminhamento de den\u00fancias poder\u00e1 ser feito ao Setor de Fiscaliza\u00e7\u00e3o do CRESS-AC pelo e-mail:\u00a0<a href=\"mailto:fiscalizacaocressac@\">fiscalizacao@cress-ac.org<\/a>, constando como assunto \u201c<strong>Den\u00fancia \u00c9tica<\/strong>\u201d.<\/p><p>Para proceder com o encaminhamento da den\u00fancia, \u00e9 fundamental que os dados abaixo estejam contemplados em documento anexado ou no pr\u00f3prio corpo do e-mail:<\/p><p><strong>1) Nome completo do\/a denunciante:<\/strong><\/p><p><strong>2) Registro profissional:<\/strong><\/p><p><strong>3) Filia\u00e7\u00e3o:<\/strong><\/p><p><strong>4) Telefone:<\/strong><\/p><p><strong>5) N\u00famero de RG:<\/strong><\/p><p><strong>6) Endere\u00e7o:<\/strong><\/p><p><strong>7) N\u00famero de CPF:<\/strong><\/p><p><strong>8) Indica\u00e7\u00e3o e\/ou apresenta\u00e7\u00e3o das provas com ind\u00edcios de viola\u00e7\u00e3o<\/strong><\/p><p><strong>\u00c9 importante destacar que as den\u00fancias cujo teor noticiem viola\u00e7\u00f5es do exerc\u00edcio profissional do\/a assistente social, vinculadas \u00e0 pandemia da Covid-19, ter\u00e3o prioridade de an\u00e1lise sobre outras.<\/strong><\/p><p>Para mais informa\u00e7\u00f5es, acesse a&nbsp;<a href=\"http:\/\/www.cfess.org.br\/arquivos\/ResolucaoCfess940-2020.pdf\">Resolu\u00e7\u00e3o CFESS N\u00ba 940\/2020<\/a>.<\/p><p>Caso queira formalizar a den\u00fancia, acesse o formul\u00e1rio abaixo, e ap\u00f3s o preenchimento, encaminhe no e-mail da fiscaliza\u00e7\u00e3o.<\/p><p><\/p><div class=\"wp-block-file\"><a href=\"http:\/\/www.cress-ac.org.br\/site\/wp-content\/uploads\/2021\/08\/FORMULARIO-DE-DENUNCIA-ETICA.docx\">FORMULARIO-DE-DENUNCIA-ETICA<\/a><a href=\"http:\/\/www.cress-ac.org.br\/site\/wp-content\/uploads\/2021\/08\/FORMULARIO-DE-DENUNCIA-ETICA.docx\" class=\"wp-block-file__button\" download>Baixar<\/a><\/div><p>Endere\u00e7o: Rua Conquista, n\u00ba 460, Geraldo Fleming, CEP- 69918-864 \u2013 Rio Branco-AC Fone: (68) 99916-2426 (whatsapp)<\/p>","protected":false},"excerpt":{"rendered":"<p>As den\u00fancias \u00e9ticas est\u00e3o relacionadas a ind\u00edcios de conduta profissional inadequada, por Assistentes Sociais (descumprimento aos princ\u00edpios e artigos do C\u00f3digo de \u00c9tica Profissional \u2013&nbsp;Resolu\u00e7\u00e3o CFESS n\u00ba 273\/2009), cuja processualidade &#8230;<\/p>\n","protected":false},"author":1,"featured_media":0,"parent":0,"menu_order":0,"comment_status":"closed","ping_status":"closed","template":"","meta":{"_EventAllDay":false,"_EventTimezone":"","_EventStartDate":"","_EventEndDate":"","_EventStartDateUTC":"","_EventEndDateUTC":"","_EventShowMap":false,"_EventShowMapLink":false,"_EventURL":"","_EventCost":"","_EventCostDescription":"","_EventCurrencySymbol":"","_EventCurrencyPosition":"","_EventDateTimeSeparator":"","_EventTimeRangeSeparator":"","_EventOrganizerID":[],"_EventVenueID":0,"_OrganizerEmail":"","_OrganizerPhone":"","_OrganizerWebsite":"","_VenueAddress":"","_VenueCity":"","_VenueCountry":"","_VenueProvince":"","_VenueZip":"","_VenuePhone":"","_VenueURL":"","_VenueStateProvince":"","_VenueLat":"","_VenueLng":"","footnotes":""},"class_list":["post-3453","page","type-page","status-publish","hentry"],"_links":{"self":[{"href":"https:\/\/www.cress-ac.org.br\/site\/wp-json\/wp\/v2\/pages\/3453","targetHints":{"allow":["GET"]}}],"collection":[{"href":"https:\/\/www.cress-ac.org.br\/site\/wp-json\/wp\/v2\/pages"}],"about":[{"href":"https:\/\/www.cress-ac.org.br\/site\/wp-json\/wp\/v2\/types\/page"}],"author":[{"embeddable":true,"href":"https:\/\/www.cress-ac.org.br\/site\/wp-json\/wp\/v2\/users\/1"}],"replies":[{"embeddable":true,"href":"https:\/\/www.cress-ac.org.br\/site\/wp-json\/wp\/v2\/comments?post=3453"}],"version-history":[{"count":4,"href":"https:\/\/www.cress-ac.org.br\/site\/wp-json\/wp\/v2\/pages\/3453\/revisions"}],"predecessor-version":[{"id":3514,"href":"https:\/\/www.cress-ac.org.br\/site\/wp-json\/wp\/v2\/pages\/3453\/revisions\/3514"}],"wp:attachment":[{"href":"https:\/\/www.cress-ac.org.br\/site\/wp-json\/wp\/v2\/media?parent=3453"}],"curies":[{"name":"wp","href":"https:\/\/api.w.org\/{rel}","templated":true}]}}