{"id":3986,"date":"2025-03-21T15:48:59","date_gmt":"2025-03-21T15:48:59","guid":{"rendered":"https:\/\/www.cress-ac.org.br\/site\/?page_id=3986"},"modified":"2025-03-21T16:30:45","modified_gmt":"2025-03-21T16:30:45","slug":"lgpd","status":"publish","type":"page","link":"https:\/\/www.cress-ac.org.br\/site\/lgpd\/","title":{"rendered":"LGPD"},"content":{"rendered":"<p>A Lei Federal n\u00ba 13.709\/2018 (Lei Geral de Prote\u00e7\u00e3o de Dados Pessoais \u2013<br>LGPD) estabeleceu o tratamento de dados pessoais, inclusive nos meios digitais,<br>por pessoa natural ou por pessoa jur\u00eddica de direito p\u00fablico ou privado, com o<br>objetivo de proteger os direitos fundamentais de liberdade e de privacidade e o<br>livre desenvolvimento da personalidade da pessoa natural.<br>\u00a0<br>Nesta se\u00e7\u00e3o s\u00e3o divulgadas informa\u00e7\u00f5es sobre o tratamento de dados<br>pessoais realizado pelo CRESS 26\u00aa Regi\u00e3o &#8211; Acre. Recomendamos que voc\u00ea<br>conhe\u00e7a a Pol\u00edtica de Privacidade de Dados Pessoais e Cookies descrita nesta<br>p\u00e1gina.<br>\u00a0\u00a0<br>Informa\u00e7\u00f5es de contato:<\/p><p><br><strong>Controlador<\/strong><br>\u00a0<br><strong>Conselho Regional de Servi\u00e7o Social<\/strong><br>\u00a0E-mail:\u00a0atendimento@cress-ac.org<br>Telefone: (68) 99916-2426<br>\u00a0Endere\u00e7o: Rua Conquista, 460 Geraldo Fleming. CEP: 69918864<\/p><p><\/p><p><strong>Pessoa de refer\u00eancia LGPD no CRESS 26\u00aa Regi\u00e3o<\/strong><br>Nome: Charrid Ester D\u2019avila Ganum Albuquerque<br>E-mail:\u00a0coordenacao@cress-ac.org<br>Telefone: (68) 99916-2426<br>\u00a0<br>Voc\u00ea tamb\u00e9m pode utilizar o servi\u00e7o de ouvidoria para o registro de manifesta\u00e7\u00f5es,<br>de forma identificada ou an\u00f4nima, pelo link: <a href=\"https:\/\/cress-ac.ciel-it.com\/e-ouv\">https:\/\/cress-ac.ciel-it.com\/e-ouv<\/a><\/p><p><\/p>","protected":false},"excerpt":{"rendered":"<p>A Lei Federal n\u00ba 13.709\/2018 (Lei Geral de Prote\u00e7\u00e3o de Dados Pessoais \u2013LGPD) estabeleceu o tratamento de dados pessoais, inclusive nos meios digitais,por pessoa natural ou por pessoa jur\u00eddica de &#8230;<\/p>\n","protected":false},"author":1,"featured_media":0,"parent":0,"menu_order":0,"comment_status":"closed","ping_status":"closed","template":"","meta":{"_EventAllDay":false,"_EventTimezone":"","_EventStartDate":"","_EventEndDate":"","_EventStartDateUTC":"","_EventEndDateUTC":"","_EventShowMap":false,"_EventShowMapLink":false,"_EventURL":"","_EventCost":"","_EventCostDescription":"","_EventCurrencySymbol":"","_EventCurrencyPosition":"","_EventDateTimeSeparator":"","_EventTimeRangeSeparator":"","_EventOrganizerID":[],"_EventVenueID":0,"_OrganizerEmail":"","_OrganizerPhone":"","_OrganizerWebsite":"","_VenueAddress":"","_VenueCity":"","_VenueCountry":"","_VenueProvince":"","_VenueZip":"","_VenuePhone":"","_VenueURL":"","_VenueStateProvince":"","_VenueLat":"","_VenueLng":"","footnotes":""},"class_list":["post-3986","page","type-page","status-publish","hentry"],"_links":{"self":[{"href":"https:\/\/www.cress-ac.org.br\/site\/wp-json\/wp\/v2\/pages\/3986","targetHints":{"allow":["GET"]}}],"collection":[{"href":"https:\/\/www.cress-ac.org.br\/site\/wp-json\/wp\/v2\/pages"}],"about":[{"href":"https:\/\/www.cress-ac.org.br\/site\/wp-json\/wp\/v2\/types\/page"}],"author":[{"embeddable":true,"href":"https:\/\/www.cress-ac.org.br\/site\/wp-json\/wp\/v2\/users\/1"}],"replies":[{"embeddable":true,"href":"https:\/\/www.cress-ac.org.br\/site\/wp-json\/wp\/v2\/comments?post=3986"}],"version-history":[{"count":2,"href":"https:\/\/www.cress-ac.org.br\/site\/wp-json\/wp\/v2\/pages\/3986\/revisions"}],"predecessor-version":[{"id":4002,"href":"https:\/\/www.cress-ac.org.br\/site\/wp-json\/wp\/v2\/pages\/3986\/revisions\/4002"}],"wp:attachment":[{"href":"https:\/\/www.cress-ac.org.br\/site\/wp-json\/wp\/v2\/media?parent=3986"}],"curies":[{"name":"wp","href":"https:\/\/api.w.org\/{rel}","templated":true}]}}